{"id":51227,"date":"2026-02-25T11:30:52","date_gmt":"2026-02-25T11:30:52","guid":{"rendered":"https:\/\/www.morenaelettrodomestici.com\/shop\/ri1p205newe-hisense-frigo-incasso-144cm\/"},"modified":"2026-02-25T11:45:23","modified_gmt":"2026-02-25T11:45:23","slug":"ri1p205newe-hisense-frigo-incasso-144cm","status":"publish","type":"product","link":"https:\/\/www.morenaelettrodomestici.com\/en\/shop\/ri1p205newe-hisense-frigo-incasso-144cm\/","title":{"rendered":"RI1P205NEWE Hisense Frigo Incasso 144cm"},"content":{"rendered":"<h2><strong>CARATTERISTICHE<\/strong><\/h2>\n<p>Frigorifero doppia porta<\/p>\n<p>Freschezza prolungata<\/p>\n<figure class=\"image\"><img decoding=\"async\" style=\"aspect-ratio:70\/70\" src=\"https:\/\/static14.gorenje.com\/mabagor\/imagelib\/icon-spec\/4\/e\/4e0f0eafd535ea2d9a0c8ae99d703164_146879_2.png\" alt=\"[object Object] icon\" width=\"70\" height=\"70\"><\/figure>\n<p>Cassetto Fresh Crisper<\/p>\n<p>L&#8217;area di stoccaggio della zona fresca<\/p>\n<figure class=\"image\"><img decoding=\"async\" style=\"aspect-ratio:70\/70\" src=\"https:\/\/static14.gorenje.com\/mabagor\/imagelib\/icon-spec\/0\/d\/0d284fb2242633f1193552cd380a524a_216988_1.png\" alt=\"[object Object] icon\" width=\"70\" height=\"70\"><\/figure>\n<p>Balcone con porta XXL<\/p>\n<figure class=\"image\"><img decoding=\"async\" style=\"aspect-ratio:70\/70\" src=\"https:\/\/static14.gorenje.com\/mabagor\/imagelib\/icon-spec\/6\/c\/6cd484734e85a1ecca5a95b6a360b44a_230963_2.png\" alt=\"[object Object] icon\" width=\"70\" height=\"70\"><\/figure>\n<p>Ripiani in vetro di sicurezza<\/p>\n<p>&nbsp;<\/p>\n<p><strong>Frigorifero doppia porta<\/strong><\/p>\n<p><strong>Freschezza prolungata<\/strong><\/p>\n<p>Il frigorifero Hisense doppia porta mantiene i tuoi alimenti freschi e nutrienti per lungo tempo, grazie alla sua capacit\u00e0 di raffreddamento e congelamento efficienti.<\/p>\n<figure class=\"image\"><img loading=\"lazy\" decoding=\"async\" src=\"https:\/\/static14.gorenje.com\/mabagor\/imagelib\/full\/4\/3\/43bf55e4c17aa85eaacfc922f143d524_181203_1.jpg\" alt=\"Top-mount fridge-freeze (TM HSN)\" width=\"1320\" height=\"742\"><\/figure>\n<figure class=\"image\"><img decoding=\"async\" style=\"aspect-ratio:70\/70\" src=\"https:\/\/static14.gorenje.com\/mabagor\/imagelib\/icon-spec\/4\/e\/4e0f0eafd535ea2d9a0c8ae99d703164_146879_2.png\" alt=\"[object Object] icon\" width=\"70\" height=\"70\"><\/figure>\n<p><strong>Cassetto Fresh Crisper<\/strong><\/p>\n<p><strong>L&#8217;area di stoccaggio della zona fresca<\/strong><\/p>\n<p>Lo speciale cassetto offre abbastanza spazio per conservare frutta e verdura, e la sua temperatura ideale preserva la freschezza e l&#8217;aroma degli alimenti. Il design trasparente consente una facile panoramica del contenuto.<\/p>\n<figure class=\"image\"><img loading=\"lazy\" decoding=\"async\" src=\"https:\/\/static14.gorenje.com\/mabagor\/imagelib\/full\/f\/f\/ff534c8450bb747ccd129aa6f71c280c_225020_2.jpg\" alt=\"Fresh Crisper (TM HSN)\" width=\"1320\" height=\"880\"><\/figure>\n<figure class=\"image\"><img decoding=\"async\" style=\"aspect-ratio:70\/70\" src=\"https:\/\/static14.gorenje.com\/mabagor\/imagelib\/icon-spec\/0\/d\/0d284fb2242633f1193552cd380a524a_216988_1.png\" alt=\"[object Object] icon\" width=\"70\" height=\"70\"><\/figure>\n<p><strong>Balcone con porta XXL<\/strong><\/p>\n<p><strong>Realizzato per bottiglie alte e grandi<\/strong><\/p>\n<p>Tanto spazio per conservare grandi bottiglie di bevande e altri alimenti nella porta del frigorifero grazie al balcone porta XXL, che libera spazio nel resto del frigorifero.<\/p>\n<figure class=\"image\"><img loading=\"lazy\" decoding=\"async\" src=\"https:\/\/static14.gorenje.com\/mabagor\/imagelib\/full\/7\/0\/70962e26f5e064bd7467edb44ee6b6b9_164496_2.jpg\" alt=\"XXL Door Balcony (TM HSN)\" width=\"1320\" height=\"738\"><\/figure>\n<figure class=\"image\"><img decoding=\"async\" style=\"aspect-ratio:70\/70\" src=\"https:\/\/static14.gorenje.com\/mabagor\/imagelib\/icon-spec\/6\/c\/6cd484734e85a1ecca5a95b6a360b44a_230963_2.png\" alt=\"[object Object] icon\" width=\"70\" height=\"70\"><\/figure>\n<p><strong>Ripiani in vetro di sicurezza<\/strong><\/p>\n<p><strong>Riposati tranquillamente con carichi pesanti<\/strong><\/p>\n<p>I ripiani in vetro temperato sono abbastanza resistenti da sopportare carichi pi\u00f9 pesanti. Questi ripiani sono pi\u00f9 resistenti del vetro normale e pi\u00f9 durevoli.<\/p>\n<figure class=\"image\"><img loading=\"lazy\" decoding=\"async\" src=\"https:\/\/static14.gorenje.com\/mabagor\/imagelib\/full\/3\/6\/36615bb1db847b400e5a318cd2255f0e_303009_2.jpg\" alt=\"Safety Glass Shelves (TM HSN)\" width=\"1320\" height=\"723\"><\/figure>\n<figure class=\"image\"><img loading=\"lazy\" decoding=\"async\" style=\"aspect-ratio:70\/70\" src=\"https:\/\/static14.gorenje.com\/mabagor\/imagelib\/icon-spec\/0\/8\/081c7d22ad6a246f85af19418f7bcb64_146876_fp.jpg\" alt=\"[object Object] icon\" width=\"70\" height=\"70\"><\/figure>\n<p><strong>Bassa Rumorosit\u00e0<\/strong><\/p>\n<p><strong>Goditi una vita pi\u00f9 tranquilla<\/strong><\/p>\n<p>Dotato di un eccellente sistema di ventilazione e compressore integrati, questo modello promette prestazioni pi\u00f9 stabili e un basso livello di rumorosit\u00e0, regalandovi un ambiente abitativo tranquillo.<\/p>\n<figure class=\"image\"><img loading=\"lazy\" decoding=\"async\" src=\"https:\/\/static14.gorenje.com\/mabagor\/imagelib\/full\/0\/d\/0d152f68cceceee857d99454860cf90e_159719_2.jpg\" alt=\"Low Noise (TM HSN)\" width=\"1320\" height=\"741\"><\/figure>\n<figure class=\"image\"><img loading=\"lazy\" decoding=\"async\" style=\"aspect-ratio:70\/70\" src=\"https:\/\/static14.gorenje.com\/mabagor\/imagelib\/icon-spec\/9\/0\/90ddff04fe3d6caf7848af48af61f8e5_146891_2.png\" alt=\"[object Object] icon\" width=\"70\" height=\"70\"><\/figure>\n<p><strong>Illuminazione a LED<\/strong><\/p>\n<p><strong>Panoramica chiara<\/strong><\/p>\n<p>L&#8217;illuminazione a LED, altamente efficiente, consente una visione pi\u00f9 chiara e approfondita del contenuto del frigorifero.<\/p>\n<p><strong>Interruttore magnetico della luce<\/strong><\/p>\n<p><strong>Luce automatica<\/strong><\/p>\n<p>Grazie alla tecnologia magnetica in entrambe le porte, la luce nel frigorifero o nel congelatore si accende automaticamente quando si apre la porta. Una volta aperta la porta, il circuito si interrompe, attivando l&#8217;interruttore invisibile della luce. Si tratta di un moderno aggiornamento di un interruttore meccanico, che consente interni puliti ed eleganti.<\/p>\n<figure class=\"image\"><img loading=\"lazy\" decoding=\"async\" src=\"https:\/\/static14.gorenje.com\/mabagor\/imagelib\/full\/2\/8\/28df3561312dee8547bcaf4d27144893_181200_1.jpg\" alt=\"Magnetic Light Switch (TM HSN)\" width=\"1320\" height=\"742\"><\/figure>\n<p>Tipo installazione:<\/p>\n<p>Incasso<\/p>\n<p>Classe energetica:<\/p>\n<p>E<\/p>\n<p>Classe di rumorosit\u00e0:<\/p>\n<p>C<\/p>\n<p>Posizione dello scomparto di congelamento:<\/p>\n<p>Superiore<\/p>\n<p>Colore dell&#8217;elettrodomestico:<\/p>\n<p>Bianco<\/p>\n<p>Colore:<\/p>\n<p>Bianco<\/p>\n<p>Porta:<\/p>\n<p>Verniciato<\/p>\n<p>Apertura delle porte:<\/p>\n<p>No<\/p>\n<p>Numero di porte:<\/p>\n<p>2<\/p>\n<p>Numero stelle:<\/p>\n<p>4 stelle<\/p>\n<p>Cibi Freschi<\/p>\n<p>Classe Climatica:<\/p>\n<p>N<\/p>\n<p>ST<\/p>\n<h3>Efficienza<\/h3>\n<p>Volume Totale:<\/p>\n<p>205&nbsp;l<\/p>\n<p>Capacit\u00e0 del Comparto Frigo:<\/p>\n<p>169&nbsp;l<\/p>\n<p>Capacit\u00e0 comparto Freezer:<\/p>\n<p>36&nbsp;l<\/p>\n<p>Capacit\u00e0 di congelazione (24h):<\/p>\n<p>2.4&nbsp;kg<\/p>\n<p>Autonomia di conservazione in caso di black out:<\/p>\n<p>18&nbsp;h<\/p>\n<p>Consumo energetico annuale (Aec):<\/p>\n<p>175&nbsp;kWh<\/p>\n<h3>Controllo<\/h3>\n<p>Controllo:<\/p>\n<p>Meccanica<\/p>\n<p>Sbrinamento:<\/p>\n<p>Automatico<\/p>\n<p>Modalit\u00e0 di sbrinamento dello scomparto di congelamento:<\/p>\n<p>Regolabile in altezza<\/p>\n<h3>Dotazione frigorifero<\/h3>\n<p>Balconcino portabottiglie:<\/p>\n<p>Ripiano portabottiglie<\/p>\n<p>Illuminazione:<\/p>\n<p>Illuminazione LED<\/p>\n<p>Ripiani rimovibili:<\/p>\n<p>3&nbsp;coperti<\/p>\n<p>Ripiani in vetro:<\/p>\n<p>4&nbsp;coperti<\/p>\n<h3>Dotazione freezer<\/h3>\n<p>Contenitore portaghiaccio:<\/p>\n<p>1 contenitore ghiaccio standard<\/p>\n<p>Illuminazione interna:<\/p>\n<p>Senza illuminazione<\/p>\n<h3>Dati Tecnici<\/h3>\n<p>Rumorosit\u00e0 (max):<\/p>\n<p>39&nbsp;dB(A)<\/p>\n<p>Compressori:<\/p>\n<p>1 compressore<\/p>\n<p>Liquido refrigerante:<\/p>\n<p>R600a<\/p>\n<p>Numero di sistemi di raffreddamento indipendenti:<\/p>\n<p>1<\/p>\n<p>Larghezza:<\/p>\n<p>540&nbsp;mm<\/p>\n<p>Altezza:<\/p>\n<p>1450&nbsp;mm<\/p>\n<p>Profondit\u00e0 del prodotto:<\/p>\n<p>540&nbsp;mm<\/p>\n<p>Larghezza massima per l&#8217;installazione nella nicchia:<\/p>\n<p>570&nbsp;mm<\/p>\n<p>Larghezza della nicchia per l&#8217;installazione min.:<\/p>\n<p>560&nbsp;mm<\/p>\n<p>Altezza massima per l&#8217;installazione nella nicchia:<\/p>\n<p>1450&nbsp;mm<\/p>\n<p>Altezza minima della nicchia:<\/p>\n<p>1445&nbsp;mm<\/p>\n<p>Profondit\u00e0 (compreso spazio tra l&#8217;apparecchiatura e il muro):<\/p>\n<p>550&nbsp;mm<\/p>\n<p>Peso lordo:<\/p>\n<p>44&nbsp;kg<\/p>\n<p>Peso netto:<\/p>\n<p>40&nbsp;kg<\/p>\n<p>Larghezza del prodotto confezionato:<\/p>\n<p>575&nbsp;mm<\/p>\n<p>Altezza del prodotto confezionato:<\/p>\n<p>1506&nbsp;mm<\/p>\n<p>Profondit\u00e0 del prodotto confezionato:<\/p>\n<p>560&nbsp;mm<\/p>\n<p>Potenza assorbita:<\/p>\n<p>220-240 V<\/p>\n<p>Frequenza:<\/p>\n<p>50 Hz<\/p>\n<p>Potenza massima:<\/p>\n<p>70&nbsp;W<\/p>\n<p>Codice prodotto:<\/p>\n<p>743900<\/p>\n<p>Codice EAN:<\/p>\n<p>3838782824814<\/p>","protected":false},"excerpt":{"rendered":"<p>Classe E<\/p>\n<p>Altezza:1450 mm<br \/>Larghezza:540 mm<br \/>Profondit\u00e0:540 mm<\/p>","protected":false},"featured_media":51225,"template":"","meta":[],"product_brand":[],"product_cat":[136],"product_tag":[],"class_list":{"0":"post-51227","1":"product","2":"type-product","3":"status-publish","4":"has-post-thumbnail","6":"product_cat-frigo-incasso","7":"pa_larghezza-60cm","8":"pa_marca-hisense","10":"first","11":"instock","12":"sale","13":"taxable","14":"shipping-taxable","15":"purchasable","16":"product-type-simple"},"yoast_head":"<!-- This site is optimized with the Yoast SEO plugin v25.5 - https:\/\/yoast.com\/wordpress\/plugins\/seo\/ -->\n<title>RI1P205NEWE Hisense Frigo Incasso 144cm - Morena Elettrodomestici<\/title>\n<meta name=\"description\" content=\"Acquista RI1P205NEWE Hisense Frigo Incasso 144cm su Morena Elettrodomestici. Il tuo Negozio di Fiducia online con prezzi competitivi e prodotti di alta qualit\u00e0!\" \/>\n<meta name=\"robots\" content=\"index, follow, max-snippet:-1, max-image-preview:large, max-video-preview:-1\" \/>\n<link rel=\"canonical\" href=\"https:\/\/www.morenaelettrodomestici.com\/en\/shop\/ri1p205newe-hisense-frigo-incasso-144cm\/\" \/>\n<meta property=\"og:locale\" content=\"en_GB\" \/>\n<meta property=\"og:type\" content=\"article\" \/>\n<meta property=\"og:title\" content=\"RI1P205NEWE Hisense Frigo Incasso 144cm - Morena Elettrodomestici\" \/>\n<meta property=\"og:description\" content=\"Acquista RI1P205NEWE Hisense Frigo Incasso 144cm su Morena Elettrodomestici. Il tuo Negozio di Fiducia online con prezzi competitivi e prodotti di alta qualit\u00e0!\" \/>\n<meta property=\"og:url\" content=\"https:\/\/www.morenaelettrodomestici.com\/en\/shop\/ri1p205newe-hisense-frigo-incasso-144cm\/\" \/>\n<meta property=\"og:site_name\" content=\"Morena Elettrodomestici\" \/>\n<meta property=\"article:publisher\" content=\"https:\/\/www.facebook.com\/morenaelettrodomestici\/\" \/>\n<meta property=\"article:modified_time\" content=\"2026-02-25T11:45:23+00:00\" \/>\n<meta property=\"og:image\" content=\"https:\/\/www.morenaelettrodomestici.com\/wp-content\/uploads\/2026\/02\/10328.jpg\" \/>\n\t<meta property=\"og:image:width\" content=\"300\" \/>\n\t<meta property=\"og:image:height\" content=\"300\" \/>\n\t<meta property=\"og:image:type\" content=\"image\/jpeg\" \/>\n<meta name=\"twitter:card\" content=\"summary_large_image\" \/>\n<meta name=\"twitter:label1\" content=\"Estimated reading time\" \/>\n\t<meta name=\"twitter:data1\" content=\"2 minutes\" \/>\n<script type=\"application\/ld+json\" class=\"yoast-schema-graph\">{\"@context\":\"https:\/\/schema.org\",\"@graph\":[{\"@type\":\"WebPage\",\"@id\":\"https:\/\/www.morenaelettrodomestici.com\/shop\/ri1p205newe-hisense-frigo-incasso-144cm\/\",\"url\":\"https:\/\/www.morenaelettrodomestici.com\/shop\/ri1p205newe-hisense-frigo-incasso-144cm\/\",\"name\":\"RI1P205NEWE Hisense Frigo Incasso 144cm - Morena Elettrodomestici\",\"isPartOf\":{\"@id\":\"https:\/\/www.morenaelettrodomestici.com\/#website\"},\"primaryImageOfPage\":{\"@id\":\"https:\/\/www.morenaelettrodomestici.com\/shop\/ri1p205newe-hisense-frigo-incasso-144cm\/#primaryimage\"},\"image\":{\"@id\":\"https:\/\/www.morenaelettrodomestici.com\/shop\/ri1p205newe-hisense-frigo-incasso-144cm\/#primaryimage\"},\"thumbnailUrl\":\"https:\/\/www.morenaelettrodomestici.com\/wp-content\/uploads\/2026\/02\/10328.jpg\",\"datePublished\":\"2026-02-25T11:30:52+00:00\",\"dateModified\":\"2026-02-25T11:45:23+00:00\",\"description\":\"Acquista RI1P205NEWE Hisense Frigo Incasso 144cm su Morena Elettrodomestici. Il tuo Negozio di Fiducia online con prezzi competitivi e prodotti di alta qualit\u00e0!\",\"breadcrumb\":{\"@id\":\"https:\/\/www.morenaelettrodomestici.com\/shop\/ri1p205newe-hisense-frigo-incasso-144cm\/#breadcrumb\"},\"inLanguage\":\"en-GB\",\"potentialAction\":[{\"@type\":\"ReadAction\",\"target\":[\"https:\/\/www.morenaelettrodomestici.com\/shop\/ri1p205newe-hisense-frigo-incasso-144cm\/\"]}]},{\"@type\":\"ImageObject\",\"inLanguage\":\"en-GB\",\"@id\":\"https:\/\/www.morenaelettrodomestici.com\/shop\/ri1p205newe-hisense-frigo-incasso-144cm\/#primaryimage\",\"url\":\"https:\/\/www.morenaelettrodomestici.com\/wp-content\/uploads\/2026\/02\/10328.jpg\",\"contentUrl\":\"https:\/\/www.morenaelettrodomestici.com\/wp-content\/uploads\/2026\/02\/10328.jpg\",\"width\":300,\"height\":300},{\"@type\":\"BreadcrumbList\",\"@id\":\"https:\/\/www.morenaelettrodomestici.com\/shop\/ri1p205newe-hisense-frigo-incasso-144cm\/#breadcrumb\",\"itemListElement\":[{\"@type\":\"ListItem\",\"position\":1,\"name\":\"Home\",\"item\":\"https:\/\/www.morenaelettrodomestici.com\/\"},{\"@type\":\"ListItem\",\"position\":2,\"name\":\"Shop\",\"item\":\"https:\/\/www.morenaelettrodomestici.com\/shop\/\"},{\"@type\":\"ListItem\",\"position\":3,\"name\":\"RI1P205NEWE Hisense Frigo Incasso 144cm\"}]},{\"@type\":\"WebSite\",\"@id\":\"https:\/\/www.morenaelettrodomestici.com\/#website\",\"url\":\"https:\/\/www.morenaelettrodomestici.com\/\",\"name\":\"Morena\",\"description\":\"I migliori elettrodomestici a prezzi folli\",\"publisher\":{\"@id\":\"https:\/\/www.morenaelettrodomestici.com\/#organization\"},\"potentialAction\":[{\"@type\":\"SearchAction\",\"target\":{\"@type\":\"EntryPoint\",\"urlTemplate\":\"https:\/\/www.morenaelettrodomestici.com\/?s={search_term_string}\"},\"query-input\":{\"@type\":\"PropertyValueSpecification\",\"valueRequired\":true,\"valueName\":\"search_term_string\"}}],\"inLanguage\":\"en-GB\"},{\"@type\":\"Organization\",\"@id\":\"https:\/\/www.morenaelettrodomestici.com\/#organization\",\"name\":\"Morena Elettrodomestici\",\"url\":\"https:\/\/www.morenaelettrodomestici.com\/\",\"logo\":{\"@type\":\"ImageObject\",\"inLanguage\":\"en-GB\",\"@id\":\"https:\/\/www.morenaelettrodomestici.com\/#\/schema\/logo\/image\/\",\"url\":\"https:\/\/www.morenaelettrodomestici.com\/wp-content\/uploads\/2024\/05\/logo_Morena_srls-TRASPARENTE.png\",\"contentUrl\":\"https:\/\/www.morenaelettrodomestici.com\/wp-content\/uploads\/2024\/05\/logo_Morena_srls-TRASPARENTE.png\",\"width\":2264,\"height\":718,\"caption\":\"Morena Elettrodomestici\"},\"image\":{\"@id\":\"https:\/\/www.morenaelettrodomestici.com\/#\/schema\/logo\/image\/\"},\"sameAs\":[\"https:\/\/www.facebook.com\/morenaelettrodomestici\/\",\"https:\/\/www.instagram.com\/morena.elettrodomestici\/\",\"https:\/\/www.linkedin.com\/company-beta\/10507375\/\",\"https:\/\/www.youtube.com\/channel\/UCgdTfdgRUeVEnhI2Z4GRlFA\"]}]}<\/script>\n<!-- \/ Yoast SEO plugin. -->","yoast_head_json":{"title":"RI1P205NEWE Hisense Frigo Incasso 144cm - Morena Elettrodomestici","description":"Acquista RI1P205NEWE Hisense Frigo Incasso 144cm su Morena Elettrodomestici. Il tuo Negozio di Fiducia online con prezzi competitivi e prodotti di alta qualit\u00e0!","robots":{"index":"index","follow":"follow","max-snippet":"max-snippet:-1","max-image-preview":"max-image-preview:large","max-video-preview":"max-video-preview:-1"},"canonical":"https:\/\/www.morenaelettrodomestici.com\/en\/shop\/ri1p205newe-hisense-frigo-incasso-144cm\/","og_locale":"en_GB","og_type":"article","og_title":"RI1P205NEWE Hisense Frigo Incasso 144cm - Morena Elettrodomestici","og_description":"Acquista RI1P205NEWE Hisense Frigo Incasso 144cm su Morena Elettrodomestici. Il tuo Negozio di Fiducia online con prezzi competitivi e prodotti di alta qualit\u00e0!","og_url":"https:\/\/www.morenaelettrodomestici.com\/en\/shop\/ri1p205newe-hisense-frigo-incasso-144cm\/","og_site_name":"Morena Elettrodomestici","article_publisher":"https:\/\/www.facebook.com\/morenaelettrodomestici\/","article_modified_time":"2026-02-25T11:45:23+00:00","og_image":[{"width":300,"height":300,"url":"https:\/\/www.morenaelettrodomestici.com\/wp-content\/uploads\/2026\/02\/10328.jpg","type":"image\/jpeg"}],"twitter_card":"summary_large_image","twitter_misc":{"Estimated reading time":"2 minutes"},"schema":{"@context":"https:\/\/schema.org","@graph":[{"@type":"WebPage","@id":"https:\/\/www.morenaelettrodomestici.com\/shop\/ri1p205newe-hisense-frigo-incasso-144cm\/","url":"https:\/\/www.morenaelettrodomestici.com\/shop\/ri1p205newe-hisense-frigo-incasso-144cm\/","name":"RI1P205NEWE Hisense Frigo Incasso 144cm - Morena Elettrodomestici","isPartOf":{"@id":"https:\/\/www.morenaelettrodomestici.com\/#website"},"primaryImageOfPage":{"@id":"https:\/\/www.morenaelettrodomestici.com\/shop\/ri1p205newe-hisense-frigo-incasso-144cm\/#primaryimage"},"image":{"@id":"https:\/\/www.morenaelettrodomestici.com\/shop\/ri1p205newe-hisense-frigo-incasso-144cm\/#primaryimage"},"thumbnailUrl":"https:\/\/www.morenaelettrodomestici.com\/wp-content\/uploads\/2026\/02\/10328.jpg","datePublished":"2026-02-25T11:30:52+00:00","dateModified":"2026-02-25T11:45:23+00:00","description":"Acquista RI1P205NEWE Hisense Frigo Incasso 144cm su Morena Elettrodomestici. Il tuo Negozio di Fiducia online con prezzi competitivi e prodotti di alta qualit\u00e0!","breadcrumb":{"@id":"https:\/\/www.morenaelettrodomestici.com\/shop\/ri1p205newe-hisense-frigo-incasso-144cm\/#breadcrumb"},"inLanguage":"en-GB","potentialAction":[{"@type":"ReadAction","target":["https:\/\/www.morenaelettrodomestici.com\/shop\/ri1p205newe-hisense-frigo-incasso-144cm\/"]}]},{"@type":"ImageObject","inLanguage":"en-GB","@id":"https:\/\/www.morenaelettrodomestici.com\/shop\/ri1p205newe-hisense-frigo-incasso-144cm\/#primaryimage","url":"https:\/\/www.morenaelettrodomestici.com\/wp-content\/uploads\/2026\/02\/10328.jpg","contentUrl":"https:\/\/www.morenaelettrodomestici.com\/wp-content\/uploads\/2026\/02\/10328.jpg","width":300,"height":300},{"@type":"BreadcrumbList","@id":"https:\/\/www.morenaelettrodomestici.com\/shop\/ri1p205newe-hisense-frigo-incasso-144cm\/#breadcrumb","itemListElement":[{"@type":"ListItem","position":1,"name":"Home","item":"https:\/\/www.morenaelettrodomestici.com\/"},{"@type":"ListItem","position":2,"name":"Shop","item":"https:\/\/www.morenaelettrodomestici.com\/shop\/"},{"@type":"ListItem","position":3,"name":"RI1P205NEWE Hisense Frigo Incasso 144cm"}]},{"@type":"WebSite","@id":"https:\/\/www.morenaelettrodomestici.com\/#website","url":"https:\/\/www.morenaelettrodomestici.com\/","name":"Morena","description":"I migliori elettrodomestici a prezzi folli","publisher":{"@id":"https:\/\/www.morenaelettrodomestici.com\/#organization"},"potentialAction":[{"@type":"SearchAction","target":{"@type":"EntryPoint","urlTemplate":"https:\/\/www.morenaelettrodomestici.com\/?s={search_term_string}"},"query-input":{"@type":"PropertyValueSpecification","valueRequired":true,"valueName":"search_term_string"}}],"inLanguage":"en-GB"},{"@type":"Organization","@id":"https:\/\/www.morenaelettrodomestici.com\/#organization","name":"Morena Elettrodomestici","url":"https:\/\/www.morenaelettrodomestici.com\/","logo":{"@type":"ImageObject","inLanguage":"en-GB","@id":"https:\/\/www.morenaelettrodomestici.com\/#\/schema\/logo\/image\/","url":"https:\/\/www.morenaelettrodomestici.com\/wp-content\/uploads\/2024\/05\/logo_Morena_srls-TRASPARENTE.png","contentUrl":"https:\/\/www.morenaelettrodomestici.com\/wp-content\/uploads\/2024\/05\/logo_Morena_srls-TRASPARENTE.png","width":2264,"height":718,"caption":"Morena Elettrodomestici"},"image":{"@id":"https:\/\/www.morenaelettrodomestici.com\/#\/schema\/logo\/image\/"},"sameAs":["https:\/\/www.facebook.com\/morenaelettrodomestici\/","https:\/\/www.instagram.com\/morena.elettrodomestici\/","https:\/\/www.linkedin.com\/company-beta\/10507375\/","https:\/\/www.youtube.com\/channel\/UCgdTfdgRUeVEnhI2Z4GRlFA"]}]}},"_links":{"self":[{"href":"https:\/\/www.morenaelettrodomestici.com\/en\/wp-json\/wp\/v2\/product\/51227","targetHints":{"allow":["GET"]}}],"collection":[{"href":"https:\/\/www.morenaelettrodomestici.com\/en\/wp-json\/wp\/v2\/product"}],"about":[{"href":"https:\/\/www.morenaelettrodomestici.com\/en\/wp-json\/wp\/v2\/types\/product"}],"version-history":[{"count":1,"href":"https:\/\/www.morenaelettrodomestici.com\/en\/wp-json\/wp\/v2\/product\/51227\/revisions"}],"predecessor-version":[{"id":51228,"href":"https:\/\/www.morenaelettrodomestici.com\/en\/wp-json\/wp\/v2\/product\/51227\/revisions\/51228"}],"wp:featuredmedia":[{"embeddable":true,"href":"https:\/\/www.morenaelettrodomestici.com\/en\/wp-json\/wp\/v2\/media\/51225"}],"wp:attachment":[{"href":"https:\/\/www.morenaelettrodomestici.com\/en\/wp-json\/wp\/v2\/media?parent=51227"}],"wp:term":[{"taxonomy":"product_brand","embeddable":true,"href":"https:\/\/www.morenaelettrodomestici.com\/en\/wp-json\/wp\/v2\/product_brand?post=51227"},{"taxonomy":"product_cat","embeddable":true,"href":"https:\/\/www.morenaelettrodomestici.com\/en\/wp-json\/wp\/v2\/product_cat?post=51227"},{"taxonomy":"product_tag","embeddable":true,"href":"https:\/\/www.morenaelettrodomestici.com\/en\/wp-json\/wp\/v2\/product_tag?post=51227"}],"curies":[{"name":"wp","href":"https:\/\/api.w.org\/{rel}","templated":true}]}}