{"id":51240,"date":"2026-02-25T18:45:53","date_gmt":"2026-02-25T18:45:53","guid":{"rendered":"https:\/\/www.morenaelettrodomestici.com\/shop\/tc6ms18fds-aeg-frigo-incasso-177cm\/"},"modified":"2026-02-25T19:00:32","modified_gmt":"2026-02-25T19:00:32","slug":"tc6ms18fds-aeg-frigo-incasso-177cm","status":"publish","type":"product","link":"https:\/\/www.morenaelettrodomestici.com\/en\/shop\/tc6ms18fds-aeg-frigo-incasso-177cm\/","title":{"rendered":"TC6MS18FDS AEG Frigo Incasso 177cm"},"content":{"rendered":"<p>Specifiche<\/p>\n<ul>\n<li>Classe di efficienza energetica D<\/li>\n<li>Capacit\u00e0 totale 249 litri<\/li>\n<li>Classe climatica: SN-N-ST<\/li>\n<li>Destra e reversibile<\/li>\n<li>Funzione FROSTMATIC\u00ae: congelamento rapido<\/li>\n<\/ul>\n<p>Prestazioni<\/p>\n<ul>\n<li>Volume scomparto congelatore E20: 62<\/li>\n<li>Silenziosit\u00e0 E20: 34<\/li>\n<li>Funzione di raffreddamento rapido: &#8211;<\/li>\n<li>Funzione congelamento rapido (FastFreeze): S\u00ec<\/li>\n<li>Allarme luminoso\/acustico porta aperta: S\u00ec, Sound on fridge &amp; freezer, S\u00ec<\/li>\n<\/ul>\n<p>Installazione<\/p>\n<ul>\n<li>porta: Destra e reversibile<\/li>\n<li>Dimensioni HxLxP (mm): 1772x546x549<\/li>\n<\/ul>\n<p>Energia<\/p>\n<ul>\n<li>Consumo medio annuale di energia in chilowattora per anno (kWh\/a) E20: 173<\/li>\n<li>Volumei scomparto frigorifero E20: 186<\/li>\n<li>Classe di silenziosit\u00e0 E20: B<\/li>\n<\/ul>\n<p>Altro<\/p>\n<ul>\n<li>Codice prodotto (PNC): 925 555 030<\/li>\n<li>Codice ean: 7333394084923<\/li>\n<li>Ventilazione: Multiflow<\/li>\n<li>Tecnologia prodotto: TwinTech\u00ae Total No Frost<\/li>\n<li>Tipologia interfaccia: Controllo elettronico con pannello digitale<\/li>\n<li>Illuminazione: Illuminazione a LED superiore<\/li>\n<li>Funzione HolidayMode: &#8211;<\/li>\n<li>Indicatore Fast Freeze: Display<\/li>\n<li>Ripiani vano frigorifero: 4 ripiani in vetro<\/li>\n<li>Ripiano Frigorifero Speciale: &#8211;<\/li>\n<li>Cassetti verdura: 1 cassetto verdura<\/li>\n<li>Vano frigorifero: secondo cassetto: ExtraChill<\/li>\n<li>Controporta: 1 contenitore burro, 1 mensola per bottiglie, , 1 mensola trasparente, -, -, , None<\/li>\n<li>Vano congelatore: 3 cassetti; 2 ripiani, -, in vetro; Nessuno;-<\/li>\n<li>Peso Lordo\/Netto (Kg): 68\/66<\/li>\n<\/ul>\n<h2>Dettagli di prodotto<\/h2>\n<p>Il frigocongelatore Twintech\u00ae Total No Frost Serie 6000 preserva i sapori di ogni ingrediente. Il doppio sistema di raffreddamento assicura che il congelatore rimanga al riparo dal gelo e che l&#8217;umidit\u00e0 del frigorifero sia ottimale, evitando che gli alimenti si secchino.<\/p>\n<p><img fetchpriority=\"high\" decoding=\"async\" src=\"https:\/\/www.aeg.it\/services\/eml\/asset\/ee9a7c48-c598-4748-b6c5-c0199fc5da28\/E4RM3Q\/HLAAVL233AE00001\/WS_ZO\/HLAAVL233AE00001.png?width=1168\" alt=\"\" width=\"960\" height=\"540\"><\/p>\n<p><img decoding=\"async\" src=\"https:\/\/www.aeg.it\/services\/eml\/asset\/ee9a7c48-c598-4748-b6c5-c0199fc5da28\/E4RM3Q\/HLAAVL233AE00001\/WS_ZO\/HLAAVL233AE00001.png?width=1168\" alt=\"\" width=\"152\" height=\"79\"><\/p>\n<p><img decoding=\"async\" src=\"https:\/\/www.aeg.it\/services\/eml\/asset\/768fe9c5-038b-46d7-974b-800aa0552233\/E4RM3Q\/HMAARF21IVA00001\/WS_ZO\/HMAARF21IVA00001.png?width=1168\" alt=\"\" width=\"168\" height=\"95\"><\/p>\n<figure class=\"image\"><img loading=\"lazy\" decoding=\"async\" src=\"https:\/\/www.aeg.it\/services\/eml\/asset\/6d5a5e54-3825-4deb-801e-3506d1734201\/E4RM3Q\/PSAARF200KA00001\/WS_ZO\/PSAARF200KA00001.png\" alt=\"\" width=\"1200\" height=\"1200\"><\/figure>\n<h2>TwinTech\u00ae Total No Frost per alimenti succosi e idratati<\/h2>\n<p>Twintech\u00ae Total No Frost \u00e8 dotato di un avanzato sistema di raffreddamento doppio per il frigorifero e il congelatore. Questa tecnologia garantisce che il congelatore rimanga al riparo dal gelo e che l&#8217;umidit\u00e0 del frigorifero sia ottimale, evitando che gli alimenti si secchino.<\/p>\n<figure class=\"image\"><img loading=\"lazy\" decoding=\"async\" src=\"https:\/\/www.aeg.it\/services\/eml\/asset\/6356f31c-0f30-4cf7-a4d5-5754c9b67bbf\/E4RM3Q\/PSAARF23BIA00002\/WS_ZO\/PSAARF23BIA00002.png\" alt=\"\" width=\"1200\" height=\"1200\"><\/figure>\n<h2>Integrazione di nuova generazione Unico frigocongelatore in plastica riciclata*<\/h2>\n<p>\u00c8 iniziata una nuova era del sistema di raffreddamento. Ecco il nostro frigo-congelatore con rivestimento interno al 70% in plastica riciclata. Per produrre nuovi frigoriferi viene utilizzata la plastica di quelli dismessi, contribuendo cos\u00ec a ridurre i rifiuti grazie alla logica della circolarit\u00e0.<\/p>\n<p>*Rivestimento interno rHIPS realizzato con il 70% di plastica riciclata, pari al 13% della plastica totale del frigorifero.<\/p>\n<figure class=\"image\"><img loading=\"lazy\" decoding=\"async\" src=\"https:\/\/www.aeg.it\/services\/eml\/asset\/de3f103b-ab3e-4472-866b-5349be5d2268\/E4RM3Q\/PSAARE23BIA0000A\/WS_ZO\/PSAARE23BIA0000A.png\" alt=\"\" width=\"1200\" height=\"1200\"><\/figure>\n<h2>Temperature stabili con MultiFlow<\/h2>\n<p>MultiFlow protegge la qualit\u00e0 degli alimenti mantenendo temperatura e umidit\u00e0 stabili in tutto il frigorifero. I diversi canali di ventilazione consentono una circolazione attiva dell&#8217;aria fredda che raggiunge ogni angolo.<\/p>\n<figure class=\"image\"><img loading=\"lazy\" decoding=\"async\" src=\"https:\/\/www.aeg.it\/services\/eml\/asset\/c060894a-feb1-45f9-94b0-48b85f2ef953\/E4RM3Q\/PSAARE23BIA00007\/WS_ZO\/PSAARE23BIA00007.png\" alt=\"\" width=\"1200\" height=\"1200\"><\/figure>\n<h2>Cassetto ExtraChill: per tagli freschi e delicati.<\/h2>\n<p>Migliora la conservazione di salumi e formaggi con il cassetto ExtraChill, che permette di mantenere al suo interno temperature pi\u00f9 basse rispetto al resto del frigorifero, cos\u00ec da mantenere la freschezza degli alimenti pi\u00f9 a lungo.<\/p>\n<figure class=\"image\"><img loading=\"lazy\" decoding=\"async\" src=\"https:\/\/www.aeg.it\/services\/eml\/asset\/13730a40-dea9-46d8-9b79-f44999b3eaf9\/E4RM3Q\/241114BEO7\/WS_ZO\/241114BEO7.png\" alt=\"\" width=\"1200\" height=\"1200\"><\/figure>\n<h2>Allarme acustico della porta<\/h2>\n<p>L&#8217;allarme avvisa l&#8217;utente se la porta dell&#8217;elettrodomestico viene lasciata aperta per un certo periodo di tempo, in modo da poterla chiudere tempestivamente.<\/p>","protected":false},"excerpt":{"rendered":"<ul>\n<li>Dimensioni HxLxP (mm): 1772x546x549<\/li>\n<li>Destra e reversibile<\/li>\n<li>Classe D<\/li>\n<\/ul>","protected":false},"featured_media":51235,"template":"","meta":[],"product_brand":[],"product_cat":[136],"product_tag":[],"class_list":{"0":"post-51240","1":"product","2":"type-product","3":"status-publish","4":"has-post-thumbnail","6":"product_cat-frigo-incasso","7":"pa_larghezza-60cm","8":"pa_marca-aeg","10":"first","11":"instock","12":"sale","13":"taxable","14":"shipping-taxable","15":"purchasable","16":"product-type-simple"},"yoast_head":"<!-- This site is optimized with the Yoast SEO plugin v25.5 - https:\/\/yoast.com\/wordpress\/plugins\/seo\/ -->\n<title>TC6MS18FDS AEG Frigo Incasso 177cm - Morena Elettrodomestici<\/title>\n<meta name=\"description\" content=\"Acquista TC6MS18FDS AEG Frigo Incasso 177cm su Morena Elettrodomestici. Il tuo Negozio di Fiducia online con prezzi competitivi e prodotti di alta qualit\u00e0!\" \/>\n<meta name=\"robots\" content=\"index, follow, max-snippet:-1, max-image-preview:large, max-video-preview:-1\" \/>\n<link rel=\"canonical\" href=\"https:\/\/www.morenaelettrodomestici.com\/en\/shop\/tc6ms18fds-aeg-frigo-incasso-177cm\/\" \/>\n<meta property=\"og:locale\" content=\"en_GB\" \/>\n<meta property=\"og:type\" content=\"article\" \/>\n<meta property=\"og:title\" content=\"TC6MS18FDS AEG Frigo Incasso 177cm - Morena Elettrodomestici\" \/>\n<meta property=\"og:description\" content=\"Acquista TC6MS18FDS AEG Frigo Incasso 177cm su Morena Elettrodomestici. Il tuo Negozio di Fiducia online con prezzi competitivi e prodotti di alta qualit\u00e0!\" \/>\n<meta property=\"og:url\" content=\"https:\/\/www.morenaelettrodomestici.com\/en\/shop\/tc6ms18fds-aeg-frigo-incasso-177cm\/\" \/>\n<meta property=\"og:site_name\" content=\"Morena Elettrodomestici\" \/>\n<meta property=\"article:publisher\" content=\"https:\/\/www.facebook.com\/morenaelettrodomestici\/\" \/>\n<meta property=\"article:modified_time\" content=\"2026-02-25T19:00:32+00:00\" \/>\n<meta property=\"og:image\" content=\"https:\/\/www.morenaelettrodomestici.com\/wp-content\/uploads\/2026\/02\/10338.jpg\" \/>\n\t<meta property=\"og:image:width\" content=\"300\" \/>\n\t<meta property=\"og:image:height\" content=\"300\" \/>\n\t<meta property=\"og:image:type\" content=\"image\/jpeg\" \/>\n<meta name=\"twitter:card\" content=\"summary_large_image\" \/>\n<meta name=\"twitter:label1\" content=\"Estimated reading time\" \/>\n\t<meta name=\"twitter:data1\" content=\"2 minutes\" \/>\n<script type=\"application\/ld+json\" class=\"yoast-schema-graph\">{\"@context\":\"https:\/\/schema.org\",\"@graph\":[{\"@type\":\"WebPage\",\"@id\":\"https:\/\/www.morenaelettrodomestici.com\/shop\/tc6ms18fds-aeg-frigo-incasso-177cm\/\",\"url\":\"https:\/\/www.morenaelettrodomestici.com\/shop\/tc6ms18fds-aeg-frigo-incasso-177cm\/\",\"name\":\"TC6MS18FDS AEG Frigo Incasso 177cm - Morena Elettrodomestici\",\"isPartOf\":{\"@id\":\"https:\/\/www.morenaelettrodomestici.com\/#website\"},\"primaryImageOfPage\":{\"@id\":\"https:\/\/www.morenaelettrodomestici.com\/shop\/tc6ms18fds-aeg-frigo-incasso-177cm\/#primaryimage\"},\"image\":{\"@id\":\"https:\/\/www.morenaelettrodomestici.com\/shop\/tc6ms18fds-aeg-frigo-incasso-177cm\/#primaryimage\"},\"thumbnailUrl\":\"https:\/\/www.morenaelettrodomestici.com\/wp-content\/uploads\/2026\/02\/10338.jpg\",\"datePublished\":\"2026-02-25T18:45:53+00:00\",\"dateModified\":\"2026-02-25T19:00:32+00:00\",\"description\":\"Acquista TC6MS18FDS AEG Frigo Incasso 177cm su Morena Elettrodomestici. Il tuo Negozio di Fiducia online con prezzi competitivi e prodotti di alta qualit\u00e0!\",\"breadcrumb\":{\"@id\":\"https:\/\/www.morenaelettrodomestici.com\/shop\/tc6ms18fds-aeg-frigo-incasso-177cm\/#breadcrumb\"},\"inLanguage\":\"en-GB\",\"potentialAction\":[{\"@type\":\"ReadAction\",\"target\":[\"https:\/\/www.morenaelettrodomestici.com\/shop\/tc6ms18fds-aeg-frigo-incasso-177cm\/\"]}]},{\"@type\":\"ImageObject\",\"inLanguage\":\"en-GB\",\"@id\":\"https:\/\/www.morenaelettrodomestici.com\/shop\/tc6ms18fds-aeg-frigo-incasso-177cm\/#primaryimage\",\"url\":\"https:\/\/www.morenaelettrodomestici.com\/wp-content\/uploads\/2026\/02\/10338.jpg\",\"contentUrl\":\"https:\/\/www.morenaelettrodomestici.com\/wp-content\/uploads\/2026\/02\/10338.jpg\",\"width\":300,\"height\":300},{\"@type\":\"BreadcrumbList\",\"@id\":\"https:\/\/www.morenaelettrodomestici.com\/shop\/tc6ms18fds-aeg-frigo-incasso-177cm\/#breadcrumb\",\"itemListElement\":[{\"@type\":\"ListItem\",\"position\":1,\"name\":\"Home\",\"item\":\"https:\/\/www.morenaelettrodomestici.com\/\"},{\"@type\":\"ListItem\",\"position\":2,\"name\":\"Shop\",\"item\":\"https:\/\/www.morenaelettrodomestici.com\/shop\/\"},{\"@type\":\"ListItem\",\"position\":3,\"name\":\"TC6MS18FDS AEG Frigo Incasso 177cm\"}]},{\"@type\":\"WebSite\",\"@id\":\"https:\/\/www.morenaelettrodomestici.com\/#website\",\"url\":\"https:\/\/www.morenaelettrodomestici.com\/\",\"name\":\"Morena\",\"description\":\"I migliori elettrodomestici a prezzi folli\",\"publisher\":{\"@id\":\"https:\/\/www.morenaelettrodomestici.com\/#organization\"},\"potentialAction\":[{\"@type\":\"SearchAction\",\"target\":{\"@type\":\"EntryPoint\",\"urlTemplate\":\"https:\/\/www.morenaelettrodomestici.com\/?s={search_term_string}\"},\"query-input\":{\"@type\":\"PropertyValueSpecification\",\"valueRequired\":true,\"valueName\":\"search_term_string\"}}],\"inLanguage\":\"en-GB\"},{\"@type\":\"Organization\",\"@id\":\"https:\/\/www.morenaelettrodomestici.com\/#organization\",\"name\":\"Morena Elettrodomestici\",\"url\":\"https:\/\/www.morenaelettrodomestici.com\/\",\"logo\":{\"@type\":\"ImageObject\",\"inLanguage\":\"en-GB\",\"@id\":\"https:\/\/www.morenaelettrodomestici.com\/#\/schema\/logo\/image\/\",\"url\":\"https:\/\/www.morenaelettrodomestici.com\/wp-content\/uploads\/2024\/05\/logo_Morena_srls-TRASPARENTE.png\",\"contentUrl\":\"https:\/\/www.morenaelettrodomestici.com\/wp-content\/uploads\/2024\/05\/logo_Morena_srls-TRASPARENTE.png\",\"width\":2264,\"height\":718,\"caption\":\"Morena Elettrodomestici\"},\"image\":{\"@id\":\"https:\/\/www.morenaelettrodomestici.com\/#\/schema\/logo\/image\/\"},\"sameAs\":[\"https:\/\/www.facebook.com\/morenaelettrodomestici\/\",\"https:\/\/www.instagram.com\/morena.elettrodomestici\/\",\"https:\/\/www.linkedin.com\/company-beta\/10507375\/\",\"https:\/\/www.youtube.com\/channel\/UCgdTfdgRUeVEnhI2Z4GRlFA\"]}]}<\/script>\n<!-- \/ Yoast SEO plugin. -->","yoast_head_json":{"title":"TC6MS18FDS AEG Frigo Incasso 177cm - Morena Elettrodomestici","description":"Acquista TC6MS18FDS AEG Frigo Incasso 177cm su Morena Elettrodomestici. Il tuo Negozio di Fiducia online con prezzi competitivi e prodotti di alta qualit\u00e0!","robots":{"index":"index","follow":"follow","max-snippet":"max-snippet:-1","max-image-preview":"max-image-preview:large","max-video-preview":"max-video-preview:-1"},"canonical":"https:\/\/www.morenaelettrodomestici.com\/en\/shop\/tc6ms18fds-aeg-frigo-incasso-177cm\/","og_locale":"en_GB","og_type":"article","og_title":"TC6MS18FDS AEG Frigo Incasso 177cm - Morena Elettrodomestici","og_description":"Acquista TC6MS18FDS AEG Frigo Incasso 177cm su Morena Elettrodomestici. Il tuo Negozio di Fiducia online con prezzi competitivi e prodotti di alta qualit\u00e0!","og_url":"https:\/\/www.morenaelettrodomestici.com\/en\/shop\/tc6ms18fds-aeg-frigo-incasso-177cm\/","og_site_name":"Morena Elettrodomestici","article_publisher":"https:\/\/www.facebook.com\/morenaelettrodomestici\/","article_modified_time":"2026-02-25T19:00:32+00:00","og_image":[{"width":300,"height":300,"url":"https:\/\/www.morenaelettrodomestici.com\/wp-content\/uploads\/2026\/02\/10338.jpg","type":"image\/jpeg"}],"twitter_card":"summary_large_image","twitter_misc":{"Estimated reading time":"2 minutes"},"schema":{"@context":"https:\/\/schema.org","@graph":[{"@type":"WebPage","@id":"https:\/\/www.morenaelettrodomestici.com\/shop\/tc6ms18fds-aeg-frigo-incasso-177cm\/","url":"https:\/\/www.morenaelettrodomestici.com\/shop\/tc6ms18fds-aeg-frigo-incasso-177cm\/","name":"TC6MS18FDS AEG Frigo Incasso 177cm - Morena Elettrodomestici","isPartOf":{"@id":"https:\/\/www.morenaelettrodomestici.com\/#website"},"primaryImageOfPage":{"@id":"https:\/\/www.morenaelettrodomestici.com\/shop\/tc6ms18fds-aeg-frigo-incasso-177cm\/#primaryimage"},"image":{"@id":"https:\/\/www.morenaelettrodomestici.com\/shop\/tc6ms18fds-aeg-frigo-incasso-177cm\/#primaryimage"},"thumbnailUrl":"https:\/\/www.morenaelettrodomestici.com\/wp-content\/uploads\/2026\/02\/10338.jpg","datePublished":"2026-02-25T18:45:53+00:00","dateModified":"2026-02-25T19:00:32+00:00","description":"Acquista TC6MS18FDS AEG Frigo Incasso 177cm su Morena Elettrodomestici. Il tuo Negozio di Fiducia online con prezzi competitivi e prodotti di alta qualit\u00e0!","breadcrumb":{"@id":"https:\/\/www.morenaelettrodomestici.com\/shop\/tc6ms18fds-aeg-frigo-incasso-177cm\/#breadcrumb"},"inLanguage":"en-GB","potentialAction":[{"@type":"ReadAction","target":["https:\/\/www.morenaelettrodomestici.com\/shop\/tc6ms18fds-aeg-frigo-incasso-177cm\/"]}]},{"@type":"ImageObject","inLanguage":"en-GB","@id":"https:\/\/www.morenaelettrodomestici.com\/shop\/tc6ms18fds-aeg-frigo-incasso-177cm\/#primaryimage","url":"https:\/\/www.morenaelettrodomestici.com\/wp-content\/uploads\/2026\/02\/10338.jpg","contentUrl":"https:\/\/www.morenaelettrodomestici.com\/wp-content\/uploads\/2026\/02\/10338.jpg","width":300,"height":300},{"@type":"BreadcrumbList","@id":"https:\/\/www.morenaelettrodomestici.com\/shop\/tc6ms18fds-aeg-frigo-incasso-177cm\/#breadcrumb","itemListElement":[{"@type":"ListItem","position":1,"name":"Home","item":"https:\/\/www.morenaelettrodomestici.com\/"},{"@type":"ListItem","position":2,"name":"Shop","item":"https:\/\/www.morenaelettrodomestici.com\/shop\/"},{"@type":"ListItem","position":3,"name":"TC6MS18FDS AEG Frigo Incasso 177cm"}]},{"@type":"WebSite","@id":"https:\/\/www.morenaelettrodomestici.com\/#website","url":"https:\/\/www.morenaelettrodomestici.com\/","name":"Morena","description":"I migliori elettrodomestici a prezzi folli","publisher":{"@id":"https:\/\/www.morenaelettrodomestici.com\/#organization"},"potentialAction":[{"@type":"SearchAction","target":{"@type":"EntryPoint","urlTemplate":"https:\/\/www.morenaelettrodomestici.com\/?s={search_term_string}"},"query-input":{"@type":"PropertyValueSpecification","valueRequired":true,"valueName":"search_term_string"}}],"inLanguage":"en-GB"},{"@type":"Organization","@id":"https:\/\/www.morenaelettrodomestici.com\/#organization","name":"Morena Elettrodomestici","url":"https:\/\/www.morenaelettrodomestici.com\/","logo":{"@type":"ImageObject","inLanguage":"en-GB","@id":"https:\/\/www.morenaelettrodomestici.com\/#\/schema\/logo\/image\/","url":"https:\/\/www.morenaelettrodomestici.com\/wp-content\/uploads\/2024\/05\/logo_Morena_srls-TRASPARENTE.png","contentUrl":"https:\/\/www.morenaelettrodomestici.com\/wp-content\/uploads\/2024\/05\/logo_Morena_srls-TRASPARENTE.png","width":2264,"height":718,"caption":"Morena Elettrodomestici"},"image":{"@id":"https:\/\/www.morenaelettrodomestici.com\/#\/schema\/logo\/image\/"},"sameAs":["https:\/\/www.facebook.com\/morenaelettrodomestici\/","https:\/\/www.instagram.com\/morena.elettrodomestici\/","https:\/\/www.linkedin.com\/company-beta\/10507375\/","https:\/\/www.youtube.com\/channel\/UCgdTfdgRUeVEnhI2Z4GRlFA"]}]}},"_links":{"self":[{"href":"https:\/\/www.morenaelettrodomestici.com\/en\/wp-json\/wp\/v2\/product\/51240","targetHints":{"allow":["GET"]}}],"collection":[{"href":"https:\/\/www.morenaelettrodomestici.com\/en\/wp-json\/wp\/v2\/product"}],"about":[{"href":"https:\/\/www.morenaelettrodomestici.com\/en\/wp-json\/wp\/v2\/types\/product"}],"version-history":[{"count":1,"href":"https:\/\/www.morenaelettrodomestici.com\/en\/wp-json\/wp\/v2\/product\/51240\/revisions"}],"predecessor-version":[{"id":51241,"href":"https:\/\/www.morenaelettrodomestici.com\/en\/wp-json\/wp\/v2\/product\/51240\/revisions\/51241"}],"wp:featuredmedia":[{"embeddable":true,"href":"https:\/\/www.morenaelettrodomestici.com\/en\/wp-json\/wp\/v2\/media\/51235"}],"wp:attachment":[{"href":"https:\/\/www.morenaelettrodomestici.com\/en\/wp-json\/wp\/v2\/media?parent=51240"}],"wp:term":[{"taxonomy":"product_brand","embeddable":true,"href":"https:\/\/www.morenaelettrodomestici.com\/en\/wp-json\/wp\/v2\/product_brand?post=51240"},{"taxonomy":"product_cat","embeddable":true,"href":"https:\/\/www.morenaelettrodomestici.com\/en\/wp-json\/wp\/v2\/product_cat?post=51240"},{"taxonomy":"product_tag","embeddable":true,"href":"https:\/\/www.morenaelettrodomestici.com\/en\/wp-json\/wp\/v2\/product_tag?post=51240"}],"curies":[{"name":"wp","href":"https:\/\/api.w.org\/{rel}","templated":true}]}}