{"id":51294,"date":"2026-02-27T18:30:20","date_gmt":"2026-02-27T18:30:20","guid":{"rendered":"https:\/\/www.morenaelettrodomestici.com\/shop\/rbc-297-snd1-asko-frigo-incasso-70cm\/"},"modified":"2026-02-27T18:45:25","modified_gmt":"2026-02-27T18:45:25","slug":"rbc-297-snd1-asko-frigo-incasso-70cm","status":"publish","type":"product","link":"https:\/\/www.morenaelettrodomestici.com\/en\/shop\/rbc-297-snd1-asko-frigo-incasso-70cm\/","title":{"rendered":"RBC 297 SND1 ASKO Frigo Incasso 70cm"},"content":{"rendered":"<figure class=\"table\">\n<table>\n<tbody>\n<tr>\n<td>\n<p>Dimensioni<\/p>\n<p>&nbsp;<\/p>\n<p>Volume totale: 372 litri<br \/>Volume vano frigorifero: 267 litri<br \/>Volume vano congelatore: 104 litri<br \/>Nicchia (A\/L\/P): 1940-1945 x 710-720 x min 560 mm<\/p>\n<p>&nbsp;<\/p>\n<\/td>\n<\/tr>\n<tr>\n<td>\n<p>Prestazioni e consumi<\/p>\n<p>&nbsp;<\/p>\n<p>Lunghezza del cavo di alimentazione: 3 m<br \/>Voltaggio: 220-240 V<br \/>Frequenza: 50 Hz<br \/>Intensit\u00e0 corrente: 10 A<br \/>Classe di efficienza energetica: D<br \/>Consumo energetico annuo: 218 KWh\/anno<br \/>Rumorosit\u00e0 (dB(A)): 35 db<br \/>Classe rumorosit\u00e0: B<\/p>\n<p>&nbsp;<\/p>\n<\/td>\n<\/tr>\n<tr>\n<td>\n<p>Funzioni e tecnologie<\/p>\n<p>&nbsp;<\/p>\n<p>Adaptive Temperature Control\u2122: autoapprendimento per risparmiare energia e conservare gli alimenti pi\u00f9 a lungo<br \/>Vano frigorifero: ventilazione Opti Flow per una distribuzione rapida e uniforme dell&#8217;aria fredda<br \/>Auto Humidity Control: sistema auto-regolante che mantiene l&#8217;umidit\u00e0 al livello ideale<br \/>Super Cool: raffreddamento rapido temporizzato a disinserimento automatico<br \/>Vano congelatore: No Frost<br \/>Fast Freeze: congelamento rapido temporizzato a disinserimento automatico<\/p>\n<p>&nbsp;<\/p>\n<\/td>\n<\/tr>\n<tr>\n<td>\n<p>Programmi e modalit\u00e0<\/p>\n<p>&nbsp;<\/p>\n<p>Modalit\u00e0 Sabbath: S\u00ec<br \/>Modalit\u00e0 Eco: S\u00ec<br \/>Modalit\u00e0 Party: S\u00ec<\/p>\n<p>&nbsp;<\/p>\n<\/td>\n<\/tr>\n<tr>\n<td>\n<p>Controllo e interazione<\/p>\n<p>&nbsp;<\/p>\n<p>Display: LED<br \/>Connessione: Predisposto per connessione WiFi con app dedicata Connect Life<br \/>Allarme porta aperta: S\u00ec<br \/>Allarme temperatura: S\u00ec<\/p>\n<p>&nbsp;<\/p>\n<\/td>\n<\/tr>\n<tr>\n<td>\n<p>Allestimento<\/p>\n<p>&nbsp;<\/p>\n<p>Cassetti frigorifero: 2 cassetti Nordic Fresh su guide telescopiche<br \/>Ripiani: 5 ripiani in vetro<br \/>Controporta: 3 balconcini<br \/>Portabottiglie: S\u00ec<br \/>Cassetti congelatore: 3<br \/>Illuminazione interna: LED<\/p>\n<\/td>\n<\/tr>\n<\/tbody>\n<\/table>\n<\/figure>\n<p>&nbsp;<\/p>\n<h2>Caratteristiche<\/h2>\n<h3>Ventilazione Opti Flow<\/h3>\n<p>Opti Flow garantisce un movimento costante dell&#8217;aria fredda e la sua distribuzione in ogni angolo del frigorifero. Mantiene gli alimenti freschi e saporiti pi\u00f9 a lungo e contribuisce a preservarne i nutrienti sani. La speciale parete posteriore \u00e8 progettata con diverse prese d&#8217;aria che distribuiscono uniformemente l&#8217;aria fredda in ogni angolo del frigorifero.<\/p>\n<p><img fetchpriority=\"high\" decoding=\"async\" src=\"https:\/\/static14.gorenje.com\/mabagor\/imagelib\/full\/f\/4\/f40704483f14ce13f742ec5cfce68500_304318_1.jpg\" alt=\"Opti Flow (series 2 BI\/FS)\" width=\"684\" height=\"513\"><\/p>\n<p><img decoding=\"async\" src=\"https:\/\/static14.gorenje.com\/mabagor\/imagelib\/full\/c\/2\/c219c945a3099d865dbfdecb79ecabd6_304319_1.jpg\" alt=\"LED icon display (Series 2 BI\/FS)\" width=\"684\" height=\"513\"><\/p>\n<h3>Display LED Icon<\/h3>\n<p>I frigoriferi ASKO sono progettati con una gamma di funzioni intuitive e il nostro display LED Icon di facile utilizzo non fa eccezione. \u00c8 dotato di pulsanti touch estremamente reattivi per una rapida regolazione delle temperature e la selezione delle opzioni.<\/p>\n<h3>Auto Humidity Control<\/h3>\n<p>Mantenere la giusta umidit\u00e0 \u00e8 essenziale sia per l&#8217;igiene che per la freschezza. Il controllo automatico dell&#8217;umidit\u00e0 garantisce un&#8217;umidit\u00e0 ottimale nel cassetto per frutta e verdura. La membrana di umidit\u00e0, facile da pulire, regola l&#8217;umidit\u00e0; si apre automaticamente per ridurre l&#8217;umidit\u00e0 in eccesso o la aumenta quando \u00e8 troppo bassa, impedendo ai prodotti di seccarsi o deteriorarsi, garantendone la freschezza e il sapore.<\/p>\n<p><img decoding=\"async\" src=\"https:\/\/static14.gorenje.com\/mabagor\/imagelib\/full\/1\/0\/1069d28f2d6613df9a85f4b5d3d1b4bf_304317_1.jpg\" alt=\"Auto humidity control (Series 2 BI\/FS)\" width=\"684\" height=\"513\"><\/p>\n<h3><strong>No Frost<\/strong><\/h3>\n<p><img loading=\"lazy\" decoding=\"async\" src=\"https:\/\/static14.gorenje.com\/mabagor\/imagelib\/full\/8\/2\/82742298c37c304c56826414daf218a6_131564_2.jpg\" alt=\"No Frost\" width=\"1320\" height=\"825\"><\/p>\n<h3>With ASKO No Frost function, you can use your ASKO freezer\u2019s entire space and energy more effectively for freezing food rather than making ice. You save both money and the environment.<\/h3>\n<h3><strong>Cassetti Dura Fresh<\/strong><\/h3>\n<p><img loading=\"lazy\" decoding=\"async\" src=\"https:\/\/static14.gorenje.com\/mabagor\/imagelib\/full\/9\/8\/98db5c5f946b60d52b2a00996fb32695_304321_1.jpg\" alt=\"Dura Fresh drawers (Series 5 BI\/FS)\" width=\"600\" height=\"450\"><\/p>\n<h3>I cassetti Dura Fresh consentono di creare il microclima perfetto per diversi tipi di alimenti. Il sistema include un cassetto secco, ideale per pesce, carne e latticini, e un cassetto umido dotato di controllo automatico dell&#8217;umidit\u00e0 per la conservazione di frutta e verdura. Ogni cassetto ha un proprio controllo della temperatura dedicato, indipendente dal vano principale, che aiuta a preservare la freschezza e il sapore degli alimenti.<\/h3>\n<h3><strong>Parete in acciaio<\/strong><\/h3>\n<p><img loading=\"lazy\" decoding=\"async\" src=\"https:\/\/static14.gorenje.com\/mabagor\/imagelib\/full\/0\/8\/08bbd4524b06ea84e8293d9d7e7fed14_304323_1.jpg\" alt=\"Stainless steel backwall (Series 5 BI\/FS)\" width=\"600\" height=\"450\"><\/p>\n<h3>I nostri frigoriferi danno priorit\u00e0 all&#8217;igiene. Una parete posteriore in acciaio inox, facile da pulire, previene la formazione di biofilm dannosi che trasportano batteri, preservando la freschezza e il sapore. La parete posteriore aiuta anche a mantenere basse le temperature, mentre le finiture in acciaio inox aggiungono un aspetto raffinato. Con gli elettrodomestici ASKO, non ci sono compromessi tra igiene e stile.<\/h3>\n<h2>Specifiche<\/h2>\n<h3>Costruzione e performance<\/h3>\n<p><strong>Funzione No-Frost<\/strong><\/p>\n<ul>\n<li>Total NoFrost<\/li>\n<\/ul>\n<p><strong>Super Cool &#8211; Perfetto dopo la spesa per raffreddare velocemente grandi quantit\u00e0 di alimenti<\/strong><\/p>\n<ul>\n<li>Manuale<\/li>\n<\/ul>\n<p><strong>Super Freeze &#8211; Perfetto dopo la spesa per congelare velocemente grandi quantit\u00e0 di alimenti<\/strong><\/p>\n<ul>\n<li>S\u00ec<\/li>\n<\/ul>\n<p><strong>Fresh Air\u2122 &#8211; &#8211; Riduce gli odori e pulisce l&#8217;aria nel frigorifero<\/strong><\/p>\n<ul>\n<li>No<\/li>\n<\/ul>\n<p><strong>Ventola per una distribuzione uniforme del raffreddamento<\/strong><\/p>\n<ul>\n<li>S\u00ec<\/li>\n<\/ul>\n<h3>Utilizzo<\/h3>\n<p><strong>Volume Totale<\/strong><\/p>\n<ul>\n<li>371 l<\/li>\n<\/ul>\n<p><strong>Capacit\u00e0 del Comparto Frigo<\/strong><\/p>\n<ul>\n<li>232 l<\/li>\n<\/ul>\n<p><strong>Capacity fridge drawers<\/strong><\/p>\n<ul>\n<li>35 l<\/li>\n<\/ul>\n<p><strong>Capacit\u00e0 comparto Freezer<\/strong><\/p>\n<ul>\n<li>104 l<\/li>\n<\/ul>\n<p><strong>Conservazione di formaggio e burro<\/strong><\/p>\n<ul>\n<li>MultiBox<\/li>\n<\/ul>\n<p><strong>Ripiani sulla porta frigo<\/strong><\/p>\n<ul>\n<li>2 balconcini sulla porta<\/li>\n<\/ul>\n<p><strong>Balconcino portabottiglie<\/strong><\/p>\n<ul>\n<li>1 balconcino (x1) con stopper<\/li>\n<\/ul>\n<p><strong>Illuminazione interna<\/strong><\/p>\n<ul>\n<li>No<\/li>\n<\/ul>\n<p><strong>Illuminazione<\/strong><\/p>\n<ul>\n<li>Striscia LED laterale<\/li>\n<\/ul>\n<p><strong>Regolazione dell&#8217;umidit\u00e0<\/strong><\/p>\n<ul>\n<li>Vegetable drawer with automatic humidity regulation<\/li>\n<\/ul>\n<p><strong>Comparto congelatore<\/strong><\/p>\n<ul>\n<li>3 cassetti<\/li>\n<\/ul>\n<p><strong>Ripiani in vetro<\/strong><\/p>\n<ul>\n<li>3 coperti<\/li>\n<\/ul>\n<p><strong>Numero di ripiani rimovibili<\/strong><\/p>\n<ul>\n<li>3 coperti<\/li>\n<\/ul>\n<p><strong>Capacit\u00e0 di congelazione (24h)<\/strong><\/p>\n<ul>\n<li>6 kg<\/li>\n<\/ul>\n<p><strong>Autonomia di conservazione in caso di black out<\/strong><\/p>\n<ul>\n<li>8 h<\/li>\n<\/ul>\n<p><strong>Convertible zones<\/strong><\/p>\n<ul>\n<li>Cassetto 0\u00b0C ZeroZone<\/li>\n<\/ul>\n<h3>Interazione e controllo<\/h3>\n<p><strong>Controllo adattivo della temperatura &#8211; riduce i consumi energetici e protegge i cibi<\/strong><\/p>\n<ul>\n<li>S\u00ec<\/li>\n<\/ul>\n<p><strong>Indicatore temperatura<\/strong><\/p>\n<ul>\n<li>Controllo digitale della temperatura separato per frigo e freezer<\/li>\n<\/ul>\n<h3>Design e integrazione<\/h3>\n<p><strong>Tipo di cerniere<\/strong><\/p>\n<ul>\n<li>A traino<\/li>\n<\/ul>\n<p><strong>Piedi di supporto<\/strong><\/p>\n<ul>\n<li>4 piedini fissi<\/li>\n<\/ul>\n<h3>Sicurezza e Manutenzione<\/h3>\n<p><strong>Allarme temperatura alta<\/strong><\/p>\n<ul>\n<li>Allarme sonoro e luce bianca<\/li>\n<\/ul>\n<p><strong>Allarme porta aperta<\/strong><\/p>\n<ul>\n<li>S\u00ec<\/li>\n<\/ul>\n<h3>Dati Tecnici<\/h3>\n<p><strong>Rumorosit\u00e0 (max)<\/strong><\/p>\n<ul>\n<li>35 dB(A)<\/li>\n<\/ul>\n<p><strong>Classe Climatica<\/strong><\/p>\n<ul>\n<li>SN<\/li>\n<li>N<\/li>\n<li>ST<\/li>\n<li>T<\/li>\n<\/ul>\n<p><strong>Liquido refrigerante<\/strong><\/p>\n<ul>\n<li>R600a<\/li>\n<\/ul>\n<p><strong>Numero stelle<\/strong><\/p>\n<ul>\n<li>Cibi Freschi<\/li>\n<li>4 stelle<\/li>\n<\/ul>\n<p><strong>Classe energetica<\/strong><\/p>\n<ul>\n<li>D<\/li>\n<\/ul>\n<p><strong>Consumo energetico annuale (Aec)<\/strong><\/p>\n<ul>\n<li>217.97 kWh<\/li>\n<\/ul>\n<p><strong>Potenza totale della luce<\/strong><\/p>\n<ul>\n<li>10 W<\/li>\n<\/ul>\n<p><strong>Potenza massima<\/strong><\/p>\n<ul>\n<li>235 W<\/li>\n<\/ul>\n<p><strong>Tensione (V)<\/strong><\/p>\n<ul>\n<li>220-240 V<\/li>\n<\/ul>\n<p><strong>Fusibile<\/strong><\/p>\n<ul>\n<li>1,3<\/li>\n<\/ul>\n<p><strong>Frequenza<\/strong><\/p>\n<ul>\n<li>50 Hz<\/li>\n<\/ul>\n<h3>Dimensioni<\/h3>\n<h3>Informazioni logistiche<\/h3>\n<p><strong>Altezza imballaggio<\/strong><\/p>\n<ul>\n<li>2005 mm<\/li>\n<\/ul>\n<p><strong>Larghezza imballaggio<\/strong><\/p>\n<ul>\n<li>745 mm<\/li>\n<\/ul>\n<p><strong>Profondit\u00e0 imballaggio<\/strong><\/p>\n<ul>\n<li>590 mm<\/li>\n<\/ul>\n<p><strong>Peso lordo<\/strong><\/p>\n<ul>\n<li>87.5 kg<\/li>\n<\/ul>\n<p><strong>Codice prodotto<\/strong><\/p>\n<ul>\n<li>746846<\/li>\n<\/ul>\n<p><strong>Codice EAN<\/strong><\/p>\n<ul>\n<li>3838783025326<\/li>\n<\/ul>","protected":false},"excerpt":{"rendered":"<p>Contattaci per preventivo \ud83d\ude42&nbsp;<\/p>\n<p>Classe D<\/p>\n<p>No Frost<\/p>\n<p>Porte Reversibili<\/p>\n<p>Dimensioni(AxLxP):193x71x72cm<\/p>","protected":false},"featured_media":51295,"template":"","meta":[],"product_brand":[],"product_cat":[136],"product_tag":[],"class_list":{"0":"post-51294","1":"product","2":"type-product","3":"status-publish","4":"has-post-thumbnail","6":"product_cat-frigo-incasso","7":"pa_larghezza-70cm","8":"pa_marca-asko","10":"first","11":"instock","12":"sale","13":"taxable","14":"shipping-taxable","15":"purchasable","16":"product-type-simple"},"yoast_head":"<!-- This site is optimized with the Yoast SEO plugin v25.5 - https:\/\/yoast.com\/wordpress\/plugins\/seo\/ -->\n<title>RBC 297 SND1 ASKO Frigo Incasso 70cm - Morena Elettrodomestici<\/title>\n<meta name=\"description\" content=\"Acquista RBC 297 SND1 ASKO Frigo Incasso 70cm su Morena Elettrodomestici. Il tuo Negozio di Fiducia online con prezzi competitivi e prodotti di alta qualit\u00e0!\" \/>\n<meta name=\"robots\" content=\"index, follow, max-snippet:-1, max-image-preview:large, max-video-preview:-1\" \/>\n<link rel=\"canonical\" href=\"https:\/\/www.morenaelettrodomestici.com\/en\/shop\/rbc-297-snd1-asko-frigo-incasso-70cm\/\" \/>\n<meta property=\"og:locale\" content=\"en_GB\" \/>\n<meta property=\"og:type\" content=\"article\" \/>\n<meta property=\"og:title\" content=\"RBC 297 SND1 ASKO Frigo Incasso 70cm - Morena Elettrodomestici\" \/>\n<meta property=\"og:description\" content=\"Acquista RBC 297 SND1 ASKO Frigo Incasso 70cm su Morena Elettrodomestici. Il tuo Negozio di Fiducia online con prezzi competitivi e prodotti di alta qualit\u00e0!\" \/>\n<meta property=\"og:url\" content=\"https:\/\/www.morenaelettrodomestici.com\/en\/shop\/rbc-297-snd1-asko-frigo-incasso-70cm\/\" \/>\n<meta property=\"og:site_name\" content=\"Morena Elettrodomestici\" \/>\n<meta property=\"article:publisher\" content=\"https:\/\/www.facebook.com\/morenaelettrodomestici\/\" \/>\n<meta property=\"article:modified_time\" content=\"2026-02-27T18:45:25+00:00\" \/>\n<meta property=\"og:image\" content=\"https:\/\/www.morenaelettrodomestici.com\/wp-content\/uploads\/2026\/02\/10381.jpg\" \/>\n\t<meta property=\"og:image:width\" content=\"300\" \/>\n\t<meta property=\"og:image:height\" content=\"300\" \/>\n\t<meta property=\"og:image:type\" content=\"image\/jpeg\" \/>\n<meta name=\"twitter:card\" content=\"summary_large_image\" \/>\n<meta name=\"twitter:label1\" content=\"Estimated reading time\" \/>\n\t<meta name=\"twitter:data1\" content=\"3 minutes\" \/>\n<script type=\"application\/ld+json\" class=\"yoast-schema-graph\">{\"@context\":\"https:\/\/schema.org\",\"@graph\":[{\"@type\":\"WebPage\",\"@id\":\"https:\/\/www.morenaelettrodomestici.com\/shop\/rbc-297-snd1-asko-frigo-incasso-70cm\/\",\"url\":\"https:\/\/www.morenaelettrodomestici.com\/shop\/rbc-297-snd1-asko-frigo-incasso-70cm\/\",\"name\":\"RBC 297 SND1 ASKO Frigo Incasso 70cm - Morena Elettrodomestici\",\"isPartOf\":{\"@id\":\"https:\/\/www.morenaelettrodomestici.com\/#website\"},\"primaryImageOfPage\":{\"@id\":\"https:\/\/www.morenaelettrodomestici.com\/shop\/rbc-297-snd1-asko-frigo-incasso-70cm\/#primaryimage\"},\"image\":{\"@id\":\"https:\/\/www.morenaelettrodomestici.com\/shop\/rbc-297-snd1-asko-frigo-incasso-70cm\/#primaryimage\"},\"thumbnailUrl\":\"https:\/\/www.morenaelettrodomestici.com\/wp-content\/uploads\/2026\/02\/10383.jpg\",\"datePublished\":\"2026-02-27T18:30:20+00:00\",\"dateModified\":\"2026-02-27T18:45:25+00:00\",\"description\":\"Acquista RBC 297 SND1 ASKO Frigo Incasso 70cm su Morena Elettrodomestici. Il tuo Negozio di Fiducia online con prezzi competitivi e prodotti di alta qualit\u00e0!\",\"breadcrumb\":{\"@id\":\"https:\/\/www.morenaelettrodomestici.com\/shop\/rbc-297-snd1-asko-frigo-incasso-70cm\/#breadcrumb\"},\"inLanguage\":\"en-GB\",\"potentialAction\":[{\"@type\":\"ReadAction\",\"target\":[\"https:\/\/www.morenaelettrodomestici.com\/shop\/rbc-297-snd1-asko-frigo-incasso-70cm\/\"]}]},{\"@type\":\"ImageObject\",\"inLanguage\":\"en-GB\",\"@id\":\"https:\/\/www.morenaelettrodomestici.com\/shop\/rbc-297-snd1-asko-frigo-incasso-70cm\/#primaryimage\",\"url\":\"https:\/\/www.morenaelettrodomestici.com\/wp-content\/uploads\/2026\/02\/10383.jpg\",\"contentUrl\":\"https:\/\/www.morenaelettrodomestici.com\/wp-content\/uploads\/2026\/02\/10383.jpg\",\"width\":300,\"height\":300},{\"@type\":\"BreadcrumbList\",\"@id\":\"https:\/\/www.morenaelettrodomestici.com\/shop\/rbc-297-snd1-asko-frigo-incasso-70cm\/#breadcrumb\",\"itemListElement\":[{\"@type\":\"ListItem\",\"position\":1,\"name\":\"Home\",\"item\":\"https:\/\/www.morenaelettrodomestici.com\/\"},{\"@type\":\"ListItem\",\"position\":2,\"name\":\"Shop\",\"item\":\"https:\/\/www.morenaelettrodomestici.com\/shop\/\"},{\"@type\":\"ListItem\",\"position\":3,\"name\":\"RBC 297 SND1 ASKO Frigo Incasso 70cm\"}]},{\"@type\":\"WebSite\",\"@id\":\"https:\/\/www.morenaelettrodomestici.com\/#website\",\"url\":\"https:\/\/www.morenaelettrodomestici.com\/\",\"name\":\"Morena\",\"description\":\"I migliori elettrodomestici a prezzi folli\",\"publisher\":{\"@id\":\"https:\/\/www.morenaelettrodomestici.com\/#organization\"},\"potentialAction\":[{\"@type\":\"SearchAction\",\"target\":{\"@type\":\"EntryPoint\",\"urlTemplate\":\"https:\/\/www.morenaelettrodomestici.com\/?s={search_term_string}\"},\"query-input\":{\"@type\":\"PropertyValueSpecification\",\"valueRequired\":true,\"valueName\":\"search_term_string\"}}],\"inLanguage\":\"en-GB\"},{\"@type\":\"Organization\",\"@id\":\"https:\/\/www.morenaelettrodomestici.com\/#organization\",\"name\":\"Morena Elettrodomestici\",\"url\":\"https:\/\/www.morenaelettrodomestici.com\/\",\"logo\":{\"@type\":\"ImageObject\",\"inLanguage\":\"en-GB\",\"@id\":\"https:\/\/www.morenaelettrodomestici.com\/#\/schema\/logo\/image\/\",\"url\":\"https:\/\/www.morenaelettrodomestici.com\/wp-content\/uploads\/2024\/05\/logo_Morena_srls-TRASPARENTE.png\",\"contentUrl\":\"https:\/\/www.morenaelettrodomestici.com\/wp-content\/uploads\/2024\/05\/logo_Morena_srls-TRASPARENTE.png\",\"width\":2264,\"height\":718,\"caption\":\"Morena Elettrodomestici\"},\"image\":{\"@id\":\"https:\/\/www.morenaelettrodomestici.com\/#\/schema\/logo\/image\/\"},\"sameAs\":[\"https:\/\/www.facebook.com\/morenaelettrodomestici\/\",\"https:\/\/www.instagram.com\/morena.elettrodomestici\/\",\"https:\/\/www.linkedin.com\/company-beta\/10507375\/\",\"https:\/\/www.youtube.com\/channel\/UCgdTfdgRUeVEnhI2Z4GRlFA\"]}]}<\/script>\n<!-- \/ Yoast SEO plugin. -->","yoast_head_json":{"title":"RBC 297 SND1 ASKO Frigo Incasso 70cm - Morena Elettrodomestici","description":"Acquista RBC 297 SND1 ASKO Frigo Incasso 70cm su Morena Elettrodomestici. Il tuo Negozio di Fiducia online con prezzi competitivi e prodotti di alta qualit\u00e0!","robots":{"index":"index","follow":"follow","max-snippet":"max-snippet:-1","max-image-preview":"max-image-preview:large","max-video-preview":"max-video-preview:-1"},"canonical":"https:\/\/www.morenaelettrodomestici.com\/en\/shop\/rbc-297-snd1-asko-frigo-incasso-70cm\/","og_locale":"en_GB","og_type":"article","og_title":"RBC 297 SND1 ASKO Frigo Incasso 70cm - Morena Elettrodomestici","og_description":"Acquista RBC 297 SND1 ASKO Frigo Incasso 70cm su Morena Elettrodomestici. Il tuo Negozio di Fiducia online con prezzi competitivi e prodotti di alta qualit\u00e0!","og_url":"https:\/\/www.morenaelettrodomestici.com\/en\/shop\/rbc-297-snd1-asko-frigo-incasso-70cm\/","og_site_name":"Morena Elettrodomestici","article_publisher":"https:\/\/www.facebook.com\/morenaelettrodomestici\/","article_modified_time":"2026-02-27T18:45:25+00:00","og_image":[{"width":300,"height":300,"url":"https:\/\/www.morenaelettrodomestici.com\/wp-content\/uploads\/2026\/02\/10381.jpg","type":"image\/jpeg"}],"twitter_card":"summary_large_image","twitter_misc":{"Estimated reading time":"3 minutes"},"schema":{"@context":"https:\/\/schema.org","@graph":[{"@type":"WebPage","@id":"https:\/\/www.morenaelettrodomestici.com\/shop\/rbc-297-snd1-asko-frigo-incasso-70cm\/","url":"https:\/\/www.morenaelettrodomestici.com\/shop\/rbc-297-snd1-asko-frigo-incasso-70cm\/","name":"RBC 297 SND1 ASKO Frigo Incasso 70cm - Morena Elettrodomestici","isPartOf":{"@id":"https:\/\/www.morenaelettrodomestici.com\/#website"},"primaryImageOfPage":{"@id":"https:\/\/www.morenaelettrodomestici.com\/shop\/rbc-297-snd1-asko-frigo-incasso-70cm\/#primaryimage"},"image":{"@id":"https:\/\/www.morenaelettrodomestici.com\/shop\/rbc-297-snd1-asko-frigo-incasso-70cm\/#primaryimage"},"thumbnailUrl":"https:\/\/www.morenaelettrodomestici.com\/wp-content\/uploads\/2026\/02\/10383.jpg","datePublished":"2026-02-27T18:30:20+00:00","dateModified":"2026-02-27T18:45:25+00:00","description":"Acquista RBC 297 SND1 ASKO Frigo Incasso 70cm su Morena Elettrodomestici. Il tuo Negozio di Fiducia online con prezzi competitivi e prodotti di alta qualit\u00e0!","breadcrumb":{"@id":"https:\/\/www.morenaelettrodomestici.com\/shop\/rbc-297-snd1-asko-frigo-incasso-70cm\/#breadcrumb"},"inLanguage":"en-GB","potentialAction":[{"@type":"ReadAction","target":["https:\/\/www.morenaelettrodomestici.com\/shop\/rbc-297-snd1-asko-frigo-incasso-70cm\/"]}]},{"@type":"ImageObject","inLanguage":"en-GB","@id":"https:\/\/www.morenaelettrodomestici.com\/shop\/rbc-297-snd1-asko-frigo-incasso-70cm\/#primaryimage","url":"https:\/\/www.morenaelettrodomestici.com\/wp-content\/uploads\/2026\/02\/10383.jpg","contentUrl":"https:\/\/www.morenaelettrodomestici.com\/wp-content\/uploads\/2026\/02\/10383.jpg","width":300,"height":300},{"@type":"BreadcrumbList","@id":"https:\/\/www.morenaelettrodomestici.com\/shop\/rbc-297-snd1-asko-frigo-incasso-70cm\/#breadcrumb","itemListElement":[{"@type":"ListItem","position":1,"name":"Home","item":"https:\/\/www.morenaelettrodomestici.com\/"},{"@type":"ListItem","position":2,"name":"Shop","item":"https:\/\/www.morenaelettrodomestici.com\/shop\/"},{"@type":"ListItem","position":3,"name":"RBC 297 SND1 ASKO Frigo Incasso 70cm"}]},{"@type":"WebSite","@id":"https:\/\/www.morenaelettrodomestici.com\/#website","url":"https:\/\/www.morenaelettrodomestici.com\/","name":"Morena","description":"I migliori elettrodomestici a prezzi folli","publisher":{"@id":"https:\/\/www.morenaelettrodomestici.com\/#organization"},"potentialAction":[{"@type":"SearchAction","target":{"@type":"EntryPoint","urlTemplate":"https:\/\/www.morenaelettrodomestici.com\/?s={search_term_string}"},"query-input":{"@type":"PropertyValueSpecification","valueRequired":true,"valueName":"search_term_string"}}],"inLanguage":"en-GB"},{"@type":"Organization","@id":"https:\/\/www.morenaelettrodomestici.com\/#organization","name":"Morena Elettrodomestici","url":"https:\/\/www.morenaelettrodomestici.com\/","logo":{"@type":"ImageObject","inLanguage":"en-GB","@id":"https:\/\/www.morenaelettrodomestici.com\/#\/schema\/logo\/image\/","url":"https:\/\/www.morenaelettrodomestici.com\/wp-content\/uploads\/2024\/05\/logo_Morena_srls-TRASPARENTE.png","contentUrl":"https:\/\/www.morenaelettrodomestici.com\/wp-content\/uploads\/2024\/05\/logo_Morena_srls-TRASPARENTE.png","width":2264,"height":718,"caption":"Morena Elettrodomestici"},"image":{"@id":"https:\/\/www.morenaelettrodomestici.com\/#\/schema\/logo\/image\/"},"sameAs":["https:\/\/www.facebook.com\/morenaelettrodomestici\/","https:\/\/www.instagram.com\/morena.elettrodomestici\/","https:\/\/www.linkedin.com\/company-beta\/10507375\/","https:\/\/www.youtube.com\/channel\/UCgdTfdgRUeVEnhI2Z4GRlFA"]}]}},"_links":{"self":[{"href":"https:\/\/www.morenaelettrodomestici.com\/en\/wp-json\/wp\/v2\/product\/51294","targetHints":{"allow":["GET"]}}],"collection":[{"href":"https:\/\/www.morenaelettrodomestici.com\/en\/wp-json\/wp\/v2\/product"}],"about":[{"href":"https:\/\/www.morenaelettrodomestici.com\/en\/wp-json\/wp\/v2\/types\/product"}],"version-history":[{"count":1,"href":"https:\/\/www.morenaelettrodomestici.com\/en\/wp-json\/wp\/v2\/product\/51294\/revisions"}],"predecessor-version":[{"id":51296,"href":"https:\/\/www.morenaelettrodomestici.com\/en\/wp-json\/wp\/v2\/product\/51294\/revisions\/51296"}],"wp:featuredmedia":[{"embeddable":true,"href":"https:\/\/www.morenaelettrodomestici.com\/en\/wp-json\/wp\/v2\/media\/51295"}],"wp:attachment":[{"href":"https:\/\/www.morenaelettrodomestici.com\/en\/wp-json\/wp\/v2\/media?parent=51294"}],"wp:term":[{"taxonomy":"product_brand","embeddable":true,"href":"https:\/\/www.morenaelettrodomestici.com\/en\/wp-json\/wp\/v2\/product_brand?post=51294"},{"taxonomy":"product_cat","embeddable":true,"href":"https:\/\/www.morenaelettrodomestici.com\/en\/wp-json\/wp\/v2\/product_cat?post=51294"},{"taxonomy":"product_tag","embeddable":true,"href":"https:\/\/www.morenaelettrodomestici.com\/en\/wp-json\/wp\/v2\/product_tag?post=51294"}],"curies":[{"name":"wp","href":"https:\/\/api.w.org\/{rel}","templated":true}]}}