{"id":51715,"date":"2026-04-30T07:50:15","date_gmt":"2026-04-30T07:50:15","guid":{"rendered":"https:\/\/www.morenaelettrodomestici.com\/?post_type=product&#038;p=51715"},"modified":"2026-04-30T07:53:55","modified_gmt":"2026-04-30T07:53:55","slug":"51715","status":"publish","type":"product","link":"https:\/\/www.morenaelettrodomestici.com\/en\/shop\/51715\/","title":{"rendered":"Soehnle Bilancia pesapersona"},"content":{"rendered":"<div class=\"celwidget aplus-module module-1 aplus-standard\" data-csa-c-id=\"5nhlun-jw8h32-hc3mse-p7so5u\" data-cel-widget=\"aplus-module-1\">\n<div class=\"aplus-module-wrapper apm-fixed-width\">\n<div class=\"apm-spacing apm-wrap\">\n<div class=\"apm-floatleft apm-wrap\">\n<div class=\"apm-centerthirdcol apm-wrap\">\n<h3 class=\"a-spacing-mini\">Bilancia pesapersone digitale Style Sense Safe 100<\/h3>\n<p class=\"a-spacing-base\">Non avrete piedi freddi. Con la sua superficie extra piatta in plastica di alta qualit\u00e0, la bilancia pesapersone digitale Style Sense Safe 100 non solo garantisce una piacevole sensazione di calore dei piedi, ma riduce anche il rischio di scivolamento. Il peso personale sul grande display LCD ben leggibile pu\u00f2 essere facilmente leggibile con incrementi precisi di 100 g fino a un massimo di 180 kg. La pratica funzione di accensione e spegnimento \u00e8 altrettanto comoda La bilancia si accende direttamente quando si entra e si spegne automaticamente dopo la pesatura. In questo modo \u00e8 a risparmio energetico e garantisce un lungo utilizzo delle batterie in dotazione. E anche per i pi\u00f9 piccoli: Il vano batteria \u00e8 avvitabile e quindi particolarmente sicuro per i bambini. Con il suo design elegante e bianco pregiato, questa bilancia fa sempre una bella figura in bagno.<\/p>\n<\/div>\n<\/div>\n<\/div>\n<\/div>\n<div><\/div>\n<\/div>\n<div class=\"celwidget aplus-module module-9 aplus-standard\" data-csa-c-id=\"6i7sgz-f0swgg-6skn0p-s8knp2\" data-cel-widget=\"aplus-module-9\">\n<div class=\"aplus-module-wrapper apm-fixed-width apm-spacing\">\n<div class=\"apm-flex\">\n<div class=\"apm-flex-item-third-width\">\n<p class=\"apm-text-center\"><img decoding=\"async\" class=\"a-spacing-mini\" src=\"https:\/\/m.media-amazon.com\/images\/S\/aplus-media\/vc\/87899fae-984e-4b74-b2f9-74444783c2bf._SL300__.png\" alt=\"\" data-src=\"https:\/\/m.media-amazon.com\/images\/S\/aplus-media\/vc\/87899fae-984e-4b74-b2f9-74444783c2bf._SL300__.png\" \/><\/p>\n<h4 class=\"a-spacing-mini\">Grande pedana in plastica<\/h4>\n<p>La grande pedana in plastica di alta qualit\u00e0 offre una piacevole sensazione di calore, una pesatura confortevole e riduce il rischio di scivolamento<\/p>\n<\/div>\n<div class=\"apm-flex-item-third-width\">\n<p class=\"apm-text-center\"><img decoding=\"async\" class=\"a-spacing-mini\" src=\"https:\/\/m.media-amazon.com\/images\/S\/aplus-media\/vc\/344c826e-2f6e-4665-b7f9-00ff7b59ac10._SL300__.png\" alt=\"\" data-src=\"https:\/\/m.media-amazon.com\/images\/S\/aplus-media\/vc\/344c826e-2f6e-4665-b7f9-00ff7b59ac10._SL300__.png\" \/><\/p>\n<h4 class=\"a-spacing-mini\">Ampio display LCD (altezza cifre: 3,5 cm)<\/h4>\n<p>Le grandi cifre del display LCD consentono una buona lettura del peso corporeo personale<\/p>\n<\/div>\n<div class=\"apm-flex-item-third-width\">\n<p class=\"apm-text-center\"><img decoding=\"async\" class=\"a-spacing-mini\" src=\"https:\/\/m.media-amazon.com\/images\/S\/aplus-media\/vc\/73bdd1de-6e87-4d08-a674-4a5c95bfb8b9._SL300__.png\" alt=\"\" data-src=\"https:\/\/m.media-amazon.com\/images\/S\/aplus-media\/vc\/73bdd1de-6e87-4d08-a674-4a5c95bfb8b9._SL300__.png\" \/><\/p>\n<h4 class=\"a-spacing-mini\">Design ultra piatto<\/h4>\n<p>Grazie al suo design ultrasottile di soli 21 mm di altezza garantisce una posizione comoda e sicura<\/p>\n<\/div>\n<\/div>\n<\/div>\n<div><\/div>\n<\/div>\n<div class=\"celwidget aplus-module module-9 aplus-standard\" data-csa-c-id=\"rzba5o-km83mh-9m52ag-cfzuus\" data-cel-widget=\"aplus-module-9\">\n<div class=\"aplus-module-wrapper apm-fixed-width apm-spacing\">\n<div class=\"apm-flex\">\n<div class=\"apm-flex-item-third-width\">\n<p class=\"apm-text-center\"><img decoding=\"async\" class=\"a-spacing-mini\" src=\"https:\/\/m.media-amazon.com\/images\/S\/aplus-media\/vc\/d36a6ee3-25c4-4952-b72c-0d060d368ff4._SL300__.png\" alt=\"\" data-src=\"https:\/\/m.media-amazon.com\/images\/S\/aplus-media\/vc\/d36a6ee3-25c4-4952-b72c-0d060d368ff4._SL300__.png\" \/><\/p>\n<h4 class=\"a-spacing-mini\">Portata molto elevata<\/h4>\n<p>La bilancia mostra fino a 180 kg in incrementi di 100 g<\/p>\n<\/div>\n<div class=\"apm-flex-item-third-width\">\n<p class=\"apm-text-center\"><img decoding=\"async\" class=\"a-spacing-mini\" src=\"https:\/\/m.media-amazon.com\/images\/S\/aplus-media\/vc\/38f01ccf-e5bb-49f7-99c5-fdd31fc74464._SL300__.png\" alt=\"\" data-src=\"https:\/\/m.media-amazon.com\/images\/S\/aplus-media\/vc\/38f01ccf-e5bb-49f7-99c5-fdd31fc74464._SL300__.png\" \/><\/p>\n<h4 class=\"a-spacing-mini\">Funzione di accensione e spegnimento automatici<\/h4>\n<p>La bilancia si accende direttamente quando si entra e si spegne automaticamente dopo la pesatura<\/p>\n<\/div>\n<div class=\"apm-flex-item-third-width\">\n<p class=\"apm-text-center\"><img decoding=\"async\" class=\"a-spacing-mini\" src=\"https:\/\/m.media-amazon.com\/images\/S\/aplus-media\/vc\/71fa95da-6ce5-40da-8be5-75bca1a804f2._SL300__.png\" alt=\"\" data-src=\"https:\/\/m.media-amazon.com\/images\/S\/aplus-media\/vc\/71fa95da-6ce5-40da-8be5-75bca1a804f2._SL300__.png\" \/><\/p>\n<h4 class=\"a-spacing-mini\">Piedini antiscivolo<\/h4>\n<p>Particolarmente stabile grazie ai piedini antiscivolo<\/p>\n<\/div>\n<\/div>\n<\/div>\n<\/div>","protected":false},"excerpt":{"rendered":"<p>Bilancia pesapersone digitale Style Sense Safe 100 Non avrete piedi freddi. Con la sua superficie extra piatta in plastica di alta qualit\u00e0, la bilancia pesapersone digitale Style Sense Safe 100 non solo garantisce una piacevole sensazione di calore dei piedi, ma riduce anche il rischio di scivolamento. Il peso personale sul grande display LCD ben leggibile pu\u00f2 essere facilmente leggibile con incrementi precisi di 100 g fino a un massimo di 180 kg. La pratica funzione di accensione e spegnimento \u00e8 altrettanto comoda La bilancia si accende direttamente quando si entra e si spegne automaticamente dopo la pesatura. In questo modo \u00e8 a risparmio energetico e garantisce un lungo utilizzo delle batterie in dotazione. E anche per i pi\u00f9 piccoli: Il vano batteria \u00e8 avvitabile e quindi particolarmente sicuro per i bambini. Con il suo design elegante e bianco pregiato, questa bilancia fa sempre una bella figura in bagno. Grande pedana in plastica La grande pedana in plastica di alta qualit\u00e0 offre una piacevole sensazione di calore, una pesatura confortevole e riduce il rischio di scivolamento Ampio display LCD (altezza cifre: 3,5 cm) Le grandi cifre del display LCD consentono una buona lettura del peso corporeo personale Design ultra piatto Grazie al suo design ultrasottile di soli 21 mm di altezza garantisce una posizione comoda e sicura Portata molto elevata La bilancia mostra fino a 180 kg in incrementi di 100 g Funzione di accensione e spegnimento automatici La bilancia si accende direttamente quando si entra e si spegne automaticamente dopo la pesatura Piedini antiscivolo Particolarmente stabile grazie ai piedini antiscivolo<\/p>","protected":false},"featured_media":51722,"template":"","meta":[],"product_brand":[],"product_cat":[863,102],"product_tag":[],"class_list":{"0":"post-51715","1":"product","2":"type-product","3":"status-publish","4":"has-post-thumbnail","6":"product_cat-bilance-pesapersone","7":"product_cat-piccoli-elettrodomestici","8":"pa_marca-soehnle","10":"first","11":"instock","12":"sale","13":"taxable","14":"shipping-taxable","15":"purchasable","16":"product-type-simple"},"yoast_head":"<!-- This site is optimized with the Yoast SEO plugin v27.5 - https:\/\/yoast.com\/product\/yoast-seo-wordpress\/ -->\n<title>Soehnle Bilancia pesapersona - Morena Elettrodomestici<\/title>\n<meta name=\"description\" content=\"Acquista Soehnle Bilancia pesapersona su Morena Elettrodomestici. Il tuo Negozio di Fiducia online con prezzi competitivi e prodotti di alta qualit\u00e0!\" \/>\n<meta name=\"robots\" content=\"index, follow, max-snippet:-1, max-image-preview:large, max-video-preview:-1\" \/>\n<link rel=\"canonical\" href=\"https:\/\/www.morenaelettrodomestici.com\/en\/shop\/51715\/\" \/>\n<meta property=\"og:locale\" content=\"en_GB\" \/>\n<meta property=\"og:type\" content=\"article\" \/>\n<meta property=\"og:title\" content=\"Soehnle Bilancia pesapersona - Morena Elettrodomestici\" \/>\n<meta property=\"og:description\" content=\"Acquista Soehnle Bilancia pesapersona su Morena Elettrodomestici. Il tuo Negozio di Fiducia online con prezzi competitivi e prodotti di alta qualit\u00e0!\" \/>\n<meta property=\"og:url\" content=\"https:\/\/www.morenaelettrodomestici.com\/en\/shop\/51715\/\" \/>\n<meta property=\"og:site_name\" content=\"Morena Elettrodomestici\" \/>\n<meta property=\"article:publisher\" content=\"https:\/\/www.facebook.com\/morenaelettrodomestici\/\" \/>\n<meta property=\"article:modified_time\" content=\"2026-04-30T07:53:55+00:00\" \/>\n<meta property=\"og:image\" content=\"https:\/\/www.morenaelettrodomestici.com\/wp-content\/uploads\/2026\/04\/Progetto-senza-titolo-2.png\" \/>\n\t<meta property=\"og:image:width\" content=\"300\" \/>\n\t<meta property=\"og:image:height\" content=\"300\" \/>\n\t<meta property=\"og:image:type\" content=\"image\/png\" \/>\n<meta name=\"twitter:card\" content=\"summary_large_image\" \/>\n<meta name=\"twitter:label1\" content=\"Estimated reading time\" \/>\n\t<meta name=\"twitter:data1\" content=\"1 minute\" \/>\n<script type=\"application\/ld+json\" class=\"yoast-schema-graph\">{\"@context\":\"https:\\\/\\\/schema.org\",\"@graph\":[{\"@type\":\"WebPage\",\"@id\":\"https:\\\/\\\/www.morenaelettrodomestici.com\\\/shop\\\/51715\\\/\",\"url\":\"https:\\\/\\\/www.morenaelettrodomestici.com\\\/shop\\\/51715\\\/\",\"name\":\"Soehnle Bilancia pesapersona - Morena Elettrodomestici\",\"isPartOf\":{\"@id\":\"https:\\\/\\\/www.morenaelettrodomestici.com\\\/#website\"},\"primaryImageOfPage\":{\"@id\":\"https:\\\/\\\/www.morenaelettrodomestici.com\\\/shop\\\/51715\\\/#primaryimage\"},\"image\":{\"@id\":\"https:\\\/\\\/www.morenaelettrodomestici.com\\\/shop\\\/51715\\\/#primaryimage\"},\"thumbnailUrl\":\"https:\\\/\\\/www.morenaelettrodomestici.com\\\/wp-content\\\/uploads\\\/2026\\\/04\\\/Progetto-senza-titolo-2.png\",\"datePublished\":\"2026-04-30T07:50:15+00:00\",\"dateModified\":\"2026-04-30T07:53:55+00:00\",\"description\":\"Acquista Soehnle Bilancia pesapersona su Morena Elettrodomestici. Il tuo Negozio di Fiducia online con prezzi competitivi e prodotti di alta qualit\u00e0!\",\"breadcrumb\":{\"@id\":\"https:\\\/\\\/www.morenaelettrodomestici.com\\\/shop\\\/51715\\\/#breadcrumb\"},\"inLanguage\":\"en-GB\",\"potentialAction\":[{\"@type\":\"ReadAction\",\"target\":[\"https:\\\/\\\/www.morenaelettrodomestici.com\\\/shop\\\/51715\\\/\"]}]},{\"@type\":\"ImageObject\",\"inLanguage\":\"en-GB\",\"@id\":\"https:\\\/\\\/www.morenaelettrodomestici.com\\\/shop\\\/51715\\\/#primaryimage\",\"url\":\"https:\\\/\\\/www.morenaelettrodomestici.com\\\/wp-content\\\/uploads\\\/2026\\\/04\\\/Progetto-senza-titolo-2.png\",\"contentUrl\":\"https:\\\/\\\/www.morenaelettrodomestici.com\\\/wp-content\\\/uploads\\\/2026\\\/04\\\/Progetto-senza-titolo-2.png\",\"width\":300,\"height\":300},{\"@type\":\"BreadcrumbList\",\"@id\":\"https:\\\/\\\/www.morenaelettrodomestici.com\\\/shop\\\/51715\\\/#breadcrumb\",\"itemListElement\":[{\"@type\":\"ListItem\",\"position\":1,\"name\":\"Home\",\"item\":\"https:\\\/\\\/www.morenaelettrodomestici.com\\\/\"},{\"@type\":\"ListItem\",\"position\":2,\"name\":\"Shop\",\"item\":\"https:\\\/\\\/www.morenaelettrodomestici.com\\\/shop\\\/\"},{\"@type\":\"ListItem\",\"position\":3,\"name\":\"Soehnle Bilancia pesapersona\"}]},{\"@type\":\"WebSite\",\"@id\":\"https:\\\/\\\/www.morenaelettrodomestici.com\\\/#website\",\"url\":\"https:\\\/\\\/www.morenaelettrodomestici.com\\\/\",\"name\":\"Morena\",\"description\":\"I migliori elettrodomestici a prezzi folli\",\"publisher\":{\"@id\":\"https:\\\/\\\/www.morenaelettrodomestici.com\\\/#organization\"},\"potentialAction\":[{\"@type\":\"SearchAction\",\"target\":{\"@type\":\"EntryPoint\",\"urlTemplate\":\"https:\\\/\\\/www.morenaelettrodomestici.com\\\/?s={search_term_string}\"},\"query-input\":{\"@type\":\"PropertyValueSpecification\",\"valueRequired\":true,\"valueName\":\"search_term_string\"}}],\"inLanguage\":\"en-GB\"},{\"@type\":\"Organization\",\"@id\":\"https:\\\/\\\/www.morenaelettrodomestici.com\\\/#organization\",\"name\":\"Morena Elettrodomestici\",\"url\":\"https:\\\/\\\/www.morenaelettrodomestici.com\\\/\",\"logo\":{\"@type\":\"ImageObject\",\"inLanguage\":\"en-GB\",\"@id\":\"https:\\\/\\\/www.morenaelettrodomestici.com\\\/#\\\/schema\\\/logo\\\/image\\\/\",\"url\":\"https:\\\/\\\/www.morenaelettrodomestici.com\\\/wp-content\\\/uploads\\\/2024\\\/05\\\/logo_Morena_srls-TRASPARENTE.png\",\"contentUrl\":\"https:\\\/\\\/www.morenaelettrodomestici.com\\\/wp-content\\\/uploads\\\/2024\\\/05\\\/logo_Morena_srls-TRASPARENTE.png\",\"width\":2264,\"height\":718,\"caption\":\"Morena Elettrodomestici\"},\"image\":{\"@id\":\"https:\\\/\\\/www.morenaelettrodomestici.com\\\/#\\\/schema\\\/logo\\\/image\\\/\"},\"sameAs\":[\"https:\\\/\\\/www.facebook.com\\\/morenaelettrodomestici\\\/\",\"https:\\\/\\\/www.instagram.com\\\/morena.elettrodomestici\\\/\",\"https:\\\/\\\/www.linkedin.com\\\/company-beta\\\/10507375\\\/\",\"https:\\\/\\\/www.youtube.com\\\/channel\\\/UCgdTfdgRUeVEnhI2Z4GRlFA\"]}]}<\/script>\n<!-- \/ Yoast SEO plugin. -->","yoast_head_json":{"title":"Soehnle Bilancia pesapersona - Morena Elettrodomestici","description":"Acquista Soehnle Bilancia pesapersona su Morena Elettrodomestici. Il tuo Negozio di Fiducia online con prezzi competitivi e prodotti di alta qualit\u00e0!","robots":{"index":"index","follow":"follow","max-snippet":"max-snippet:-1","max-image-preview":"max-image-preview:large","max-video-preview":"max-video-preview:-1"},"canonical":"https:\/\/www.morenaelettrodomestici.com\/en\/shop\/51715\/","og_locale":"en_GB","og_type":"article","og_title":"Soehnle Bilancia pesapersona - Morena Elettrodomestici","og_description":"Acquista Soehnle Bilancia pesapersona su Morena Elettrodomestici. Il tuo Negozio di Fiducia online con prezzi competitivi e prodotti di alta qualit\u00e0!","og_url":"https:\/\/www.morenaelettrodomestici.com\/en\/shop\/51715\/","og_site_name":"Morena Elettrodomestici","article_publisher":"https:\/\/www.facebook.com\/morenaelettrodomestici\/","article_modified_time":"2026-04-30T07:53:55+00:00","og_image":[{"width":300,"height":300,"url":"https:\/\/www.morenaelettrodomestici.com\/wp-content\/uploads\/2026\/04\/Progetto-senza-titolo-2.png","type":"image\/png"}],"twitter_card":"summary_large_image","twitter_misc":{"Estimated reading time":"1 minute"},"schema":{"@context":"https:\/\/schema.org","@graph":[{"@type":"WebPage","@id":"https:\/\/www.morenaelettrodomestici.com\/shop\/51715\/","url":"https:\/\/www.morenaelettrodomestici.com\/shop\/51715\/","name":"Soehnle Bilancia pesapersona - Morena Elettrodomestici","isPartOf":{"@id":"https:\/\/www.morenaelettrodomestici.com\/#website"},"primaryImageOfPage":{"@id":"https:\/\/www.morenaelettrodomestici.com\/shop\/51715\/#primaryimage"},"image":{"@id":"https:\/\/www.morenaelettrodomestici.com\/shop\/51715\/#primaryimage"},"thumbnailUrl":"https:\/\/www.morenaelettrodomestici.com\/wp-content\/uploads\/2026\/04\/Progetto-senza-titolo-2.png","datePublished":"2026-04-30T07:50:15+00:00","dateModified":"2026-04-30T07:53:55+00:00","description":"Acquista Soehnle Bilancia pesapersona su Morena Elettrodomestici. Il tuo Negozio di Fiducia online con prezzi competitivi e prodotti di alta qualit\u00e0!","breadcrumb":{"@id":"https:\/\/www.morenaelettrodomestici.com\/shop\/51715\/#breadcrumb"},"inLanguage":"en-GB","potentialAction":[{"@type":"ReadAction","target":["https:\/\/www.morenaelettrodomestici.com\/shop\/51715\/"]}]},{"@type":"ImageObject","inLanguage":"en-GB","@id":"https:\/\/www.morenaelettrodomestici.com\/shop\/51715\/#primaryimage","url":"https:\/\/www.morenaelettrodomestici.com\/wp-content\/uploads\/2026\/04\/Progetto-senza-titolo-2.png","contentUrl":"https:\/\/www.morenaelettrodomestici.com\/wp-content\/uploads\/2026\/04\/Progetto-senza-titolo-2.png","width":300,"height":300},{"@type":"BreadcrumbList","@id":"https:\/\/www.morenaelettrodomestici.com\/shop\/51715\/#breadcrumb","itemListElement":[{"@type":"ListItem","position":1,"name":"Home","item":"https:\/\/www.morenaelettrodomestici.com\/"},{"@type":"ListItem","position":2,"name":"Shop","item":"https:\/\/www.morenaelettrodomestici.com\/shop\/"},{"@type":"ListItem","position":3,"name":"Soehnle Bilancia pesapersona"}]},{"@type":"WebSite","@id":"https:\/\/www.morenaelettrodomestici.com\/#website","url":"https:\/\/www.morenaelettrodomestici.com\/","name":"Morena","description":"I migliori elettrodomestici a prezzi folli","publisher":{"@id":"https:\/\/www.morenaelettrodomestici.com\/#organization"},"potentialAction":[{"@type":"SearchAction","target":{"@type":"EntryPoint","urlTemplate":"https:\/\/www.morenaelettrodomestici.com\/?s={search_term_string}"},"query-input":{"@type":"PropertyValueSpecification","valueRequired":true,"valueName":"search_term_string"}}],"inLanguage":"en-GB"},{"@type":"Organization","@id":"https:\/\/www.morenaelettrodomestici.com\/#organization","name":"Morena Elettrodomestici","url":"https:\/\/www.morenaelettrodomestici.com\/","logo":{"@type":"ImageObject","inLanguage":"en-GB","@id":"https:\/\/www.morenaelettrodomestici.com\/#\/schema\/logo\/image\/","url":"https:\/\/www.morenaelettrodomestici.com\/wp-content\/uploads\/2024\/05\/logo_Morena_srls-TRASPARENTE.png","contentUrl":"https:\/\/www.morenaelettrodomestici.com\/wp-content\/uploads\/2024\/05\/logo_Morena_srls-TRASPARENTE.png","width":2264,"height":718,"caption":"Morena Elettrodomestici"},"image":{"@id":"https:\/\/www.morenaelettrodomestici.com\/#\/schema\/logo\/image\/"},"sameAs":["https:\/\/www.facebook.com\/morenaelettrodomestici\/","https:\/\/www.instagram.com\/morena.elettrodomestici\/","https:\/\/www.linkedin.com\/company-beta\/10507375\/","https:\/\/www.youtube.com\/channel\/UCgdTfdgRUeVEnhI2Z4GRlFA"]}]}},"_links":{"self":[{"href":"https:\/\/www.morenaelettrodomestici.com\/en\/wp-json\/wp\/v2\/product\/51715","targetHints":{"allow":["GET"]}}],"collection":[{"href":"https:\/\/www.morenaelettrodomestici.com\/en\/wp-json\/wp\/v2\/product"}],"about":[{"href":"https:\/\/www.morenaelettrodomestici.com\/en\/wp-json\/wp\/v2\/types\/product"}],"version-history":[{"count":3,"href":"https:\/\/www.morenaelettrodomestici.com\/en\/wp-json\/wp\/v2\/product\/51715\/revisions"}],"predecessor-version":[{"id":51725,"href":"https:\/\/www.morenaelettrodomestici.com\/en\/wp-json\/wp\/v2\/product\/51715\/revisions\/51725"}],"wp:featuredmedia":[{"embeddable":true,"href":"https:\/\/www.morenaelettrodomestici.com\/en\/wp-json\/wp\/v2\/media\/51722"}],"wp:attachment":[{"href":"https:\/\/www.morenaelettrodomestici.com\/en\/wp-json\/wp\/v2\/media?parent=51715"}],"wp:term":[{"taxonomy":"product_brand","embeddable":true,"href":"https:\/\/www.morenaelettrodomestici.com\/en\/wp-json\/wp\/v2\/product_brand?post=51715"},{"taxonomy":"product_cat","embeddable":true,"href":"https:\/\/www.morenaelettrodomestici.com\/en\/wp-json\/wp\/v2\/product_cat?post=51715"},{"taxonomy":"product_tag","embeddable":true,"href":"https:\/\/www.morenaelettrodomestici.com\/en\/wp-json\/wp\/v2\/product_tag?post=51715"}],"curies":[{"name":"wp","href":"https:\/\/api.w.org\/{rel}","templated":true}]}}